{"id":15614,"date":"2016-04-23T17:08:49","date_gmt":"2016-04-23T17:08:49","guid":{"rendered":"https:\/\/oceanwp.org\/underwear\/shop\/"},"modified":"2026-04-02T23:44:09","modified_gmt":"2026-04-02T22:44:09","slug":"k2-online-shop-k2-spice-laden","status":"publish","type":"page","link":"https:\/\/k2papierladen.com\/uk\/k2-online-shop-k2-spice-laden\/","title":{"rendered":"K2 Online Shop"},"content":{"rendered":"<h2>K2 Online Shop &#8211; K2 Spice Bestellen<\/h2>\n<p>Unser K2 Online shop ist die beste Plattform f\u00fcr alle Produkte, die direkt oder indirekt mit synthetischen Cannabinoiden in Verbindung stehen. Der Name K2 oder Spice wird verwendet, um Kr\u00e4utermischungen, Fl\u00fcssigkeiten, Sprays oder Papier zu beschreiben, die mit Wirkstoffen versetzt sind, die \u00e4hnliche Effekte wie <a href=\"http:\/\/coke2kaufen.biz\" target=\"_blank\" rel=\"noopener\">Cannabis<\/a> haben k\u00f6nnen \u2013 jedoch oft viel st\u00e4rker und weniger vorhersehbar sind.<\/p>\n<p>Die Wirkungen der Produkte aus unserem Online <a href=\"https:\/\/k2papierladen.com\/uk\/\">K2 Spice<\/a>-Shop reichen von entspannend und beruhigend bis hin zu intensiven psychoaktiven Erfahrungen. Neben den gew\u00fcnschten Wirkungen berichten Kunden jedoch auch von Nebenwirkungen wie Schwindel, Herzklopfen oder Nervosit\u00e4t. Da die Zusammensetzung der Produkte variieren kann, unterscheiden sich die Wirkungen auch von Person zu Person erheblich. Holen Sie sich die beste Qualit\u00e4t an K2-Kr\u00e4utern, K2-Papieren, <a href=\"https:\/\/k2papierladen.com\/uk\/product-category\/k2-spice\/k2-spray-spruehstoss-lachgas\/\">K2-Sprays<\/a> und mehr. Bestellen Sie K2 Spice noch heute online.<i><\/i><\/p>","protected":false},"excerpt":{"rendered":"<p>K2 Online Shop &#8211; K2 Spice Bestellen Unser K2 Online shop ist die beste Plattform f\u00fcr alle Produkte, die direkt oder indirekt mit synthetischen Cannabinoiden in Verbindung stehen. Der Name K2 oder Spice wird verwendet, um Kr\u00e4utermischungen, Fl\u00fcssigkeiten, Sprays oder Papier zu beschreiben, die mit Wirkstoffen versetzt sind, die \u00e4hnliche Effekte wie Cannabis haben k\u00f6nnen [&hellip;]<\/p>\n","protected":false},"author":1,"featured_media":15644,"parent":0,"menu_order":0,"comment_status":"closed","ping_status":"closed","template":"","meta":{"ocean_post_layout":"","ocean_both_sidebars_style":"","ocean_both_sidebars_content_width":0,"ocean_both_sidebars_sidebars_width":0,"ocean_sidebar":"0","ocean_second_sidebar":"0","ocean_disable_margins":"enable","ocean_add_body_class":"","ocean_shortcode_before_top_bar":"","ocean_shortcode_after_top_bar":"","ocean_shortcode_before_header":"","ocean_shortcode_after_header":"","ocean_has_shortcode":"","ocean_shortcode_after_title":"","ocean_shortcode_before_footer_widgets":"","ocean_shortcode_after_footer_widgets":"","ocean_shortcode_before_footer_bottom":"","ocean_shortcode_after_footer_bottom":"","ocean_display_top_bar":"default","ocean_display_header":"default","ocean_header_style":"","ocean_center_header_left_menu":"0","ocean_custom_header_template":"0","ocean_custom_logo":0,"ocean_custom_retina_logo":0,"ocean_custom_logo_max_width":0,"ocean_custom_logo_tablet_max_width":0,"ocean_custom_logo_mobile_max_width":0,"ocean_custom_logo_max_height":0,"ocean_custom_logo_tablet_max_height":0,"ocean_custom_logo_mobile_max_height":0,"ocean_header_custom_menu":"0","ocean_menu_typo_font_family":"0","ocean_menu_typo_font_subset":"","ocean_menu_typo_font_size":0,"ocean_menu_typo_font_size_tablet":0,"ocean_menu_typo_font_size_mobile":0,"ocean_menu_typo_font_size_unit":"px","ocean_menu_typo_font_weight":"","ocean_menu_typo_font_weight_tablet":"","ocean_menu_typo_font_weight_mobile":"","ocean_menu_typo_transform":"","ocean_menu_typo_transform_tablet":"","ocean_menu_typo_transform_mobile":"","ocean_menu_typo_line_height":0,"ocean_menu_typo_line_height_tablet":0,"ocean_menu_typo_line_height_mobile":0,"ocean_menu_typo_line_height_unit":"","ocean_menu_typo_spacing":0,"ocean_menu_typo_spacing_tablet":0,"ocean_menu_typo_spacing_mobile":0,"ocean_menu_typo_spacing_unit":"","ocean_menu_link_color":"","ocean_menu_link_color_hover":"","ocean_menu_link_color_active":"","ocean_menu_link_background":"","ocean_menu_link_hover_background":"","ocean_menu_link_active_background":"","ocean_menu_social_links_bg":"","ocean_menu_social_hover_links_bg":"","ocean_menu_social_links_color":"","ocean_menu_social_hover_links_color":"","ocean_disable_title":"default","ocean_disable_heading":"default","ocean_post_title":"","ocean_post_subheading":"","ocean_post_title_style":"","ocean_post_title_background_color":"","ocean_post_title_background":0,"ocean_post_title_bg_image_position":"","ocean_post_title_bg_image_attachment":"","ocean_post_title_bg_image_repeat":"","ocean_post_title_bg_image_size":"","ocean_post_title_height":0,"ocean_post_title_bg_overlay":0.5,"ocean_post_title_bg_overlay_color":"","ocean_disable_breadcrumbs":"default","ocean_breadcrumbs_color":"","ocean_breadcrumbs_separator_color":"","ocean_breadcrumbs_links_color":"","ocean_breadcrumbs_links_hover_color":"","ocean_display_footer_widgets":"default","ocean_display_footer_bottom":"default","ocean_custom_footer_template":"0","omw_enable_modal_window":"enable","footnotes":""},"class_list":["post-15614","page","type-page","status-publish","has-post-thumbnail","hentry","entry","has-media","owp-thumbs-layout-horizontal","owp-btn-normal","owp-tabs-layout-horizontal","has-no-thumbnails","has-product-nav"],"jetpack_sharing_enabled":true,"_links":{"self":[{"href":"https:\/\/k2papierladen.com\/uk\/wp-json\/wp\/v2\/pages\/15614","targetHints":{"allow":["GET"]}}],"collection":[{"href":"https:\/\/k2papierladen.com\/uk\/wp-json\/wp\/v2\/pages"}],"about":[{"href":"https:\/\/k2papierladen.com\/uk\/wp-json\/wp\/v2\/types\/page"}],"author":[{"embeddable":true,"href":"https:\/\/k2papierladen.com\/uk\/wp-json\/wp\/v2\/users\/1"}],"replies":[{"embeddable":true,"href":"https:\/\/k2papierladen.com\/uk\/wp-json\/wp\/v2\/comments?post=15614"}],"version-history":[{"count":4,"href":"https:\/\/k2papierladen.com\/uk\/wp-json\/wp\/v2\/pages\/15614\/revisions"}],"predecessor-version":[{"id":16097,"href":"https:\/\/k2papierladen.com\/uk\/wp-json\/wp\/v2\/pages\/15614\/revisions\/16097"}],"wp:featuredmedia":[{"embeddable":true,"href":"https:\/\/k2papierladen.com\/uk\/wp-json\/wp\/v2\/media\/15644"}],"wp:attachment":[{"href":"https:\/\/k2papierladen.com\/uk\/wp-json\/wp\/v2\/media?parent=15614"}],"curies":[{"name":"wp","href":"https:\/\/api.w.org\/{rel}","templated":true}]}}