{"id":15749,"date":"2025-06-23T17:21:26","date_gmt":"2025-06-23T16:21:26","guid":{"rendered":"https:\/\/k2papierladen.com\/?post_type=product&#038;p=15749"},"modified":"2026-03-17T19:46:59","modified_gmt":"2026-03-17T18:46:59","slug":"premium-baller-k2-c-liquid","status":"publish","type":"product","link":"https:\/\/k2papierladen.com\/ru\/product\/premium-baller-k2-c-liquid\/","title":{"rendered":"Premium Baller K2 C Liquid ( Premium Baller K2 C Fl\u00fcssigkeit)"},"content":{"rendered":"<h1 data-start=\"1940\" data-end=\"2028\"><strong data-start=\"1943\" data-end=\"2028\">Premium Baller K2 C Liquid \u2013 Die Kraft synthetischer Cannabinoide auf neuem Level<\/strong><\/h1>\n<h3 data-start=\"2030\" data-end=\"2044\">Einf\u00fchrung<\/h3>\n<p data-start=\"2046\" data-end=\"2341\"><strong data-start=\"2046\" data-end=\"2081\">Premium Baller K2 C Fl\u00fcssigkeit<\/strong> z\u00e4hlt zu den hochwertigsten synthetischen Cannabinoidprodukten auf dem Markt. Dieses Liquid kombiniert maximale Potenz mit schneller Wirkung und vielseitiger Anwendbarkeit \u2013 ideal f\u00fcr Nutzer, die auf der Suche nach einem intensiven, langanhaltenden High sind.<\/p>\n<hr data-start=\"2343\" data-end=\"2346\" \/>\n<h3 data-start=\"2348\" data-end=\"2390\">\ud83d\udd39 Was ist Premium Baller K2 C Liquid?<\/h3>\n<p data-start=\"2392\" data-end=\"2806\">Das Premium Baller K2 C Liquid ist ein synthetisches Cannabinoid, das in einer konzentrierten fl\u00fcssigen Form vorliegt. Es wird h\u00e4ufig zum Tr\u00e4nken von Papier oder Kr\u00e4utermischungen verwendet und sorgt f\u00fcr ein starkes psychoaktives Erlebnis. Anders als herk\u00f6mmliches Cannabis enth\u00e4lt dieses Produkt speziell entwickelte chemische Verbindungen, die gezielt die Cannabinoidrezeptoren CB1 und CB2 im Gehirn stimulieren.<\/p>\n<hr data-start=\"2808\" data-end=\"2811\" \/>\n<h3 data-start=\"2813\" data-end=\"2842\">\ud83d\udd39 Qualit\u00e4t &amp; Herstellung<\/h3>\n<p data-start=\"2844\" data-end=\"3070\">Die Herstellung erfolgt unter strengen Laborbedingungen, um maximale Reinheit, Wirksamkeit und Sicherheit zu gew\u00e4hrleisten. Jede Charge wird getestet, um eine gleichbleibende Konzentration und optimale Wirkung sicherzustellen.<\/p>\n<hr data-start=\"3072\" data-end=\"3075\" \/>\n<h3 data-start=\"3077\" data-end=\"3107\">\ud83d\udd39 Anwendungsm\u00f6glichkeiten<\/h3>\n<h4 data-start=\"3109\" data-end=\"3149\">1. <strong data-start=\"3117\" data-end=\"3147\"><a href=\"https:\/\/k2papierladen.com\/ru\/product\/premium-baller-knastpapier-5x\/\">Knastpapier<\/a> &amp; Tr\u00e4gerpapier<\/strong><\/h4>\n<p data-start=\"3150\" data-end=\"3353\">Ideal f\u00fcr diskreten Konsum. Einige Tropfen des Liquids werden gleichm\u00e4\u00dfig auf DIN A4 Papier aufgetragen und getrocknet. Das Papier kann dann in kleine St\u00fccke geschnitten und wie \u00fcblich konsumiert werden.<\/p>\n<h4 data-start=\"3355\" data-end=\"3386\">2. <strong data-start=\"3363\" data-end=\"3384\">Kr\u00e4utermischungen<\/strong><\/h4>\n<p data-start=\"3387\" data-end=\"3550\">Das Liquid wird auf getrocknete Kr\u00e4uter getr\u00e4ufelt, wodurch eine stark wirkende Mischung entsteht. Diese kann in Joints, Pfeifen oder Vaporizern konsumiert werden.<\/p>\n<h4 data-start=\"3552\" data-end=\"3576\">3. <strong data-start=\"3560\" data-end=\"3574\">Verdampfer<\/strong><\/h4>\n<p data-start=\"3577\" data-end=\"3742\">F\u00fcr erfahrene Anwender geeignet. Tropfen werden auf geeignetes Tr\u00e4germaterial aufgetragen und vorsichtig erhitzt, um die Wirkung zu entfalten. \u00dcberhitzung vermeiden!<\/p>\n<hr data-start=\"3744\" data-end=\"3747\" \/>\n<h3 data-start=\"3749\" data-end=\"3776\">\ud83d\udd39 Dosierungsempfehlung<\/h3>\n<div class=\"_tableContainer_16hzy_1\">\n<div class=\"_tableWrapper_16hzy_14 group flex w-fit flex-col-reverse\" tabindex=\"-1\">\n<table class=\"w-fit min-w-(--thread-content-width)\" style=\"height: 123px;\" width=\"688\" data-start=\"3778\" data-end=\"4172\">\n<thead data-start=\"3778\" data-end=\"3856\">\n<tr data-start=\"3778\" data-end=\"3856\">\n<th data-start=\"3778\" data-end=\"3794\" data-col-size=\"sm\">Methode<\/th>\n<th data-start=\"3794\" data-end=\"3817\" data-col-size=\"sm\">Empfohlene Dosis<\/th>\n<th data-start=\"3817\" data-end=\"3836\" data-col-size=\"sm\">Wirkungseintritt<\/th>\n<th data-start=\"3836\" data-end=\"3856\" data-col-size=\"sm\">Wirkungsdauer<\/th>\n<\/tr>\n<\/thead>\n<tbody data-start=\"3936\" data-end=\"4172\">\n<tr data-start=\"3936\" data-end=\"4014\">\n<td data-start=\"3936\" data-end=\"3952\" data-col-size=\"sm\">Papier<\/td>\n<td data-start=\"3952\" data-end=\"3975\" data-col-size=\"sm\">1\u20132 Tropfen pro Blatt<\/td>\n<td data-col-size=\"sm\" data-start=\"3975\" data-end=\"3994\">10\u201320 Minuten<\/td>\n<td data-col-size=\"sm\" data-start=\"3994\" data-end=\"4014\">4\u20136 Stunden<\/td>\n<\/tr>\n<tr data-start=\"4015\" data-end=\"4093\">\n<td data-start=\"4015\" data-end=\"4031\" data-col-size=\"sm\">Kr\u00e4uter<\/td>\n<td data-col-size=\"sm\" data-start=\"4031\" data-end=\"4054\">2\u20134 Tropfen pro Gramm<\/td>\n<td data-col-size=\"sm\" data-start=\"4054\" data-end=\"4073\">5\u201315 Minuten<\/td>\n<td data-col-size=\"sm\" data-start=\"4073\" data-end=\"4093\">3\u20135 Stunden<\/td>\n<\/tr>\n<tr data-start=\"4094\" data-end=\"4172\">\n<td data-start=\"4094\" data-end=\"4110\" data-col-size=\"sm\">Vaporizer<\/td>\n<td data-col-size=\"sm\" data-start=\"4110\" data-end=\"4133\">Max. 1 Tropfen<\/td>\n<td data-col-size=\"sm\" data-start=\"4133\" data-end=\"4152\">5\u201310 Minuten<\/td>\n<td data-col-size=\"sm\" data-start=\"4152\" data-end=\"4172\">2\u20134 Stunden<\/td>\n<\/tr>\n<\/tbody>\n<\/table>\n<div class=\"sticky end-(--thread-content-margin) h-0 self-end select-none\">\n<div class=\"absolute end-0 flex items-end\"><\/div>\n<\/div>\n<\/div>\n<\/div>\n<hr data-start=\"4174\" data-end=\"4177\" \/>\n<h3 data-start=\"4179\" data-end=\"4205\">\ud83d\udd39 Wirkungen im Detail<\/h3>\n<ul>\n<li data-start=\"4209\" data-end=\"4311\"><strong data-start=\"4209\" data-end=\"4221\">Geistig:<\/strong> Euphorie, ver\u00e4nderte Wahrnehmung, gesteigerte Kreativit\u00e4t, gelegentlich Halluzinationen<\/li>\n<li data-start=\"4314\" data-end=\"4437\"><strong data-start=\"4314\" data-end=\"4329\">K\u00f6rperlich:<\/strong> Muskelentspannung, Schweregef\u00fchl, erh\u00f6hte Herzfrequenz, bei \u00dcberdosierung m\u00f6gliche \u00dcbelkeit und Schwindel<\/li>\n<\/ul>\n<hr data-start=\"4439\" data-end=\"4442\" \/>\n<h3 data-start=\"4444\" data-end=\"4471\">\ud83d\udd39 Sicherheit &amp; Risiken<\/h3>\n<p data-start=\"4473\" data-end=\"4559\">Das Produkt ist <strong data-start=\"4489\" data-end=\"4506\">extrem potent<\/strong>. Die h\u00e4ufigsten Risiken bei falscher Anwendung sind:<\/p>\n<ul>\n<li data-start=\"4563\" data-end=\"4578\">Panikattacken<\/li>\n<li data-start=\"4581\" data-end=\"4600\">Kreislaufprobleme<\/li>\n<li data-start=\"4603\" data-end=\"4627\">Schwindel und \u00dcbelkeit<\/li>\n<li data-start=\"4630\" data-end=\"4654\">Orientierungslosigkeit<\/li>\n<\/ul>\n<p data-start=\"4656\" data-end=\"4792\">Wichtig: Immer in sicherer Umgebung verwenden, nicht mit anderen Substanzen kombinieren und nicht von unerfahrenen Personen konsumieren.<\/p>\n<hr data-start=\"4794\" data-end=\"4797\" \/>\n<h3 data-start=\"4799\" data-end=\"4825\">\ud83d\udd39 Rechtliche Hinweise<\/h3>\n<p data-start=\"4827\" data-end=\"5061\">Die Legalit\u00e4t synthetischer Cannabinoide wie <strong data-start=\"4872\" data-end=\"4895\"><a href=\"https:\/\/k2papierladen.com\/ru\/product\/premium-baller-knastpapier-25x\/\">Premium Baller K2<\/a> C<\/strong> ist in vielen L\u00e4ndern eingeschr\u00e4nkt oder verboten. Vor Kauf und Gebrauch sollte die Rechtslage in Ihrem Land gepr\u00fcft werden, um rechtliche Konsequenzen zu vermeiden.<\/p>\n<hr data-start=\"5063\" data-end=\"5066\" \/>\n<h3 data-start=\"5068\" data-end=\"5104\">\ud83d\udd39 FAQ \u2013 H\u00e4ufig gestellte Fragen<\/h3>\n<p data-start=\"5106\" data-end=\"5231\"><strong data-start=\"5106\" data-end=\"5139\">Wie lange dauert die Wirkung?<\/strong><br data-start=\"5139\" data-end=\"5142\" \/>Die Wirkung h\u00e4lt meist zwischen 3 und 6 Stunden an, abh\u00e4ngig von Dosis und Konsummethode.<\/p>\n<p data-start=\"5233\" data-end=\"5345\"><strong data-start=\"5233\" data-end=\"5259\">Ist das Produkt legal?<\/strong><br data-start=\"5259\" data-end=\"5262\" \/>Die Legalit\u00e4t variiert regional stark. Informieren Sie sich unbedingt vor dem Kauf.<\/p>\n<p data-start=\"5347\" data-end=\"5476\"><strong data-start=\"5347\" data-end=\"5375\">Wie dosiere ich richtig?<\/strong><br data-start=\"5375\" data-end=\"5378\" \/>Starten Sie mit sehr kleinen Mengen (1\u20132 Tropfen) und steigern Sie erst nach Wirkungseinsch\u00e4tzung.<\/p>\n<p data-start=\"5478\" data-end=\"5607\"><strong data-start=\"5478\" data-end=\"5529\">Kann ich das Produkt in einem Vaporizer nutzen?<\/strong><br data-start=\"5529\" data-end=\"5532\" \/>Ja, aber nur mit geeignetem Tr\u00e4germaterial und Vorsicht bei der Temperatur.<\/p>\n<hr data-start=\"5609\" data-end=\"5612\" \/>\n<h3 data-start=\"5614\" data-end=\"5653\">\ud83d\udd39 Vergleich mit anderen K2 Liquids<\/h3>\n<div class=\"_tableContainer_16hzy_1\">\n<div class=\"_tableWrapper_16hzy_14 group flex w-fit flex-col-reverse\" tabindex=\"-1\">\n<table class=\"w-fit min-w-(--thread-content-width)\" style=\"height: 122px;\" width=\"789\" data-start=\"5655\" data-end=\"6155\">\n<thead data-start=\"5655\" data-end=\"5755\">\n<tr data-start=\"5655\" data-end=\"5755\">\n<th data-start=\"5655\" data-end=\"5679\" data-col-size=\"sm\">Produkt<\/th>\n<th data-start=\"5679\" data-end=\"5694\" data-col-size=\"sm\">Potenz<\/th>\n<th data-start=\"5694\" data-end=\"5710\" data-col-size=\"sm\">Wirkungsdauer<\/th>\n<th data-start=\"5710\" data-end=\"5729\" data-col-size=\"sm\">Wirkungseintritt<\/th>\n<th data-start=\"5729\" data-end=\"5755\" data-col-size=\"sm\">Geeignet f\u00fcr Anf\u00e4nger?<\/th>\n<\/tr>\n<\/thead>\n<tbody data-start=\"5856\" data-end=\"6155\">\n<tr data-start=\"5856\" data-end=\"5955\">\n<td data-start=\"5856\" data-end=\"5880\" data-col-size=\"sm\">Premium Baller K2 C<\/td>\n<td data-col-size=\"sm\" data-start=\"5880\" data-end=\"5895\">Sehr hoch<\/td>\n<td data-col-size=\"sm\" data-start=\"5895\" data-end=\"5911\">4\u20136 Stunden<\/td>\n<td data-col-size=\"sm\" data-start=\"5911\" data-end=\"5930\">Schnell (5\u201315min)<\/td>\n<td data-col-size=\"sm\" data-start=\"5930\" data-end=\"5955\">Nein<\/td>\n<\/tr>\n<tr data-start=\"5956\" data-end=\"6055\">\n<td data-start=\"5956\" data-end=\"5980\" data-col-size=\"sm\">Bizarro K2 Liquid<\/td>\n<td data-col-size=\"sm\" data-start=\"5980\" data-end=\"5995\">Hoch<\/td>\n<td data-col-size=\"sm\" data-start=\"5995\" data-end=\"6011\">3\u20135 Stunden<\/td>\n<td data-col-size=\"sm\" data-start=\"6011\" data-end=\"6030\">Mittel<\/td>\n<td data-col-size=\"sm\" data-start=\"6030\" data-end=\"6055\">Eher nein<\/td>\n<\/tr>\n<tr data-start=\"6056\" data-end=\"6155\">\n<td data-start=\"6056\" data-end=\"6080\" data-col-size=\"sm\">Standard K2 Liquid<\/td>\n<td data-col-size=\"sm\" data-start=\"6080\" data-end=\"6095\">Mittel<\/td>\n<td data-col-size=\"sm\" data-start=\"6095\" data-end=\"6111\">1\u20133 Stunden<\/td>\n<td data-col-size=\"sm\" data-start=\"6111\" data-end=\"6130\">Langsam<\/td>\n<td data-col-size=\"sm\" data-start=\"6130\" data-end=\"6155\">Ja<\/td>\n<\/tr>\n<\/tbody>\n<\/table>\n<div class=\"sticky end-(--thread-content-margin) h-0 self-end select-none\">\n<div class=\"absolute end-0 flex items-end\"><\/div>\n<\/div>\n<\/div>\n<\/div>\n<hr data-start=\"6157\" data-end=\"6160\" \/>\n<h3 data-start=\"6162\" data-end=\"6174\">\ud83d\udd39 Fazit<\/h3>\n<p data-start=\"6176\" data-end=\"6460\">Das <strong data-start=\"6180\" data-end=\"6210\"><a href=\"https:\/\/k2papierladen.com\/ru\/product\/spice-c-liquid-papier-spice\/\">Premium Baller K2<\/a> C Liquid<\/strong> ist f\u00fcr erfahrene Nutzer konzipiert, die Wert auf eine potente, schnelle und langanhaltende Wirkung legen. Seine vielseitige Anwendung macht es zur perfekten Wahl f\u00fcr alle, die diskret konsumieren m\u00f6chten, ohne Kompromisse bei der St\u00e4rke einzugehen.<\/p>\n<ul>\n<li><em><a href=\"https:\/\/euthanasia-group.net\/de\/product\/nembutal-oral-flussigkeit\/\" target=\"_blank\" rel=\"noopener\">Nembutal Kaufen<\/a><\/em><\/li>\n<li><em><a href=\"https:\/\/euthanasia-group.net\/fr\/acheter-du-nembutal\/\" target=\"_blank\" rel=\"noopener\">Barbituriques<\/a><\/em><\/li>\n<li><em><a href=\"http:\/\/zupachemical.com\" target=\"_blank\" rel=\"noopener\">Research chemicals<\/a><\/em><\/li>\n<\/ul>","protected":false},"excerpt":{"rendered":"<h2 data-start=\"197\" data-end=\"282\"><strong data-start=\"200\" data-end=\"282\">Premium Baller K2 C Fl\u00fcssigkeit &#8211; Premium Baller K2 C Liquid<\/strong><\/h2>\n<p data-start=\"284\" data-end=\"524\">Erleben Sie mit <strong data-start=\"300\" data-end=\"330\">Premium Baller K2 C Liquid<\/strong> eine der intensivsten Formen synthetischer Cannabinoide auf dem Markt. Speziell f\u00fcr erfahrene Konsumenten entwickelt, bietet dieses Produkt eine schnelle, kraftvolle und langanhaltende Wirkung.<\/p>\n<h3 data-start=\"526\" data-end=\"568\">\ud83d\udd39 Was ist Premium Baller K2 C Liquid?<\/h3>\n<p data-start=\"570\" data-end=\"830\"><strong data-start=\"570\" data-end=\"605\">Premium Baller K2 C Fl\u00fcssigkeit<\/strong> ist ein synthetisches <a href=\"https:\/\/k2papierladen.com\/ru\/product\/premium-baller-knastpapier-1x\/\">Cannabinoid<\/a>-Konzentrat, das typischerweise auf Papier (<a href=\"https:\/\/k2papierladen.com\/ru\/product\/premium-baller-knastpapier-1x0x\/\">Knastpapier<\/a>) oder Kr\u00e4utermischungen getr\u00e4ufelt wird. Die Formel enth\u00e4lt speziell ausgew\u00e4hlte Substanzen, die ein stark psychoaktives High erzeugen.<\/p>\n<hr data-start=\"832\" data-end=\"835\" \/>\n<h3 data-start=\"837\" data-end=\"868\">\ud83d\udd39 Vorteile auf einen Blick<\/h3>\n<ul>\n<li data-start=\"872\" data-end=\"945\">\u26a1 <strong data-start=\"874\" data-end=\"904\">Schneller Wirkungseintritt<\/strong> \u2013 bereits nach wenigen Minuten sp\u00fcrbar<\/li>\n<li data-start=\"948\" data-end=\"1006\">\ud83d\udd25 <strong data-start=\"951\" data-end=\"973\">Extrem hohe Potenz<\/strong> \u2013 nur wenige Tropfen notwendig<\/li>\n<li data-start=\"1009\" data-end=\"1077\">\ud83e\uddf4 <strong data-start=\"1012\" data-end=\"1037\">Vielseitige Anwendung<\/strong> \u2013 f\u00fcr Papier, Kr\u00e4uter oder Verdampfer<\/li>\n<li data-start=\"1078\" data-end=\"1132\">\n<p data-start=\"1080\" data-end=\"1132\">\ud83d\udce6 <strong data-start=\"1083\" data-end=\"1104\">Diskreter Versand<\/strong> \u2013 unauff\u00e4llige Verpackung<\/p>\n<\/li>\n<\/ul>\n<hr data-start=\"1134\" data-end=\"1137\" \/>\n<h3 data-start=\"1139\" data-end=\"1168\">\ud83d\udd39 Anwendungsempfehlungen<\/h3>\n<ul>\n<li data-start=\"1172\" data-end=\"1225\"><strong data-start=\"1172\" data-end=\"1183\">Papier:<\/strong> 1\u20132 Tropfen auf DIN A4 Papier auftragen<\/li>\n<li data-start=\"1228\" data-end=\"1264\"><strong data-start=\"1228\" data-end=\"1240\">Kr\u00e4uter:<\/strong> 2\u20134 Tropfen pro Gramm<\/li>\n<li data-start=\"1267\" data-end=\"1331\"><strong data-start=\"1267\" data-end=\"1281\">Vaporizer:<\/strong> Nur mit Tr\u00e4germaterial, nicht direkt verdampfen<\/li>\n<\/ul>\n<hr data-start=\"1333\" data-end=\"1336\" \/>\n<h3 data-start=\"1338\" data-end=\"1364\">\ud83d\udd39 Wirkung und Effekte<\/h3>\n<ul>\n<li data-start=\"1366\" data-end=\"1397\">\n<p data-start=\"1368\" data-end=\"1397\">Intensive geistige Euphorie<\/p>\n<\/li>\n<li data-start=\"1398\" data-end=\"1425\">\n<p data-start=\"1400\" data-end=\"1425\">K\u00f6rperliche Entspannung<\/p>\n<\/li>\n<li data-start=\"1428\" data-end=\"1452\">Ver\u00e4nderte Wahrnehmung<\/li>\n<li data-start=\"1455\" data-end=\"1475\">Dauer: 3\u20136 Stunden<\/li>\n<\/ul>\n<hr data-start=\"1477\" data-end=\"1480\" \/>\n<h3 data-start=\"1482\" data-end=\"1508\">\ud83d\udd39 Sicherheitshinweise<\/h3>\n<ul>\n<li data-start=\"1512\" data-end=\"1541\">Nicht f\u00fcr Anf\u00e4nger geeignet<\/li>\n<li data-start=\"1544\" data-end=\"1592\">Kein Mischkonsum mit Alkohol oder Medikamenten<\/li>\n<li data-start=\"1595\" data-end=\"1645\">Au\u00dferhalb der Reichweite von Kindern aufbewahren<\/li>\n<li data-start=\"1648\" data-end=\"1676\">Rechtslage vor Kauf pr\u00fcfen<\/li>\n<\/ul>\n<hr data-start=\"1678\" data-end=\"1681\" \/>\n<h3 data-start=\"1683\" data-end=\"1695\">\ud83d\udd39 Fazit<\/h3>\n<p data-start=\"1697\" data-end=\"1866\"><strong data-start=\"1697\" data-end=\"1727\">Premium Baller K2 C Liquid<\/strong> ist ideal f\u00fcr erfahrene Nutzer, die eine diskrete, starke und zuverl\u00e4ssige Wirkung suchen. Es bietet h\u00f6chste Qualit\u00e4t bei jeder Anwendung.<\/p>","protected":false},"featured_media":15759,"comment_status":"open","ping_status":"closed","template":"","meta":{"ocean_post_layout":"","ocean_both_sidebars_style":"","ocean_both_sidebars_content_width":0,"ocean_both_sidebars_sidebars_width":0,"ocean_sidebar":"0","ocean_second_sidebar":"0","ocean_disable_margins":"enable","ocean_add_body_class":"","ocean_shortcode_before_top_bar":"","ocean_shortcode_after_top_bar":"","ocean_shortcode_before_header":"","ocean_shortcode_after_header":"","ocean_has_shortcode":"","ocean_shortcode_after_title":"","ocean_shortcode_before_footer_widgets":"","ocean_shortcode_after_footer_widgets":"","ocean_shortcode_before_footer_bottom":"","ocean_shortcode_after_footer_bottom":"","ocean_display_top_bar":"default","ocean_display_header":"default","ocean_header_style":"","ocean_center_header_left_menu":"0","ocean_custom_header_template":"0","ocean_custom_logo":0,"ocean_custom_retina_logo":0,"ocean_custom_logo_max_width":0,"ocean_custom_logo_tablet_max_width":0,"ocean_custom_logo_mobile_max_width":0,"ocean_custom_logo_max_height":0,"ocean_custom_logo_tablet_max_height":0,"ocean_custom_logo_mobile_max_height":0,"ocean_header_custom_menu":"0","ocean_menu_typo_font_family":"0","ocean_menu_typo_font_subset":"","ocean_menu_typo_font_size":0,"ocean_menu_typo_font_size_tablet":0,"ocean_menu_typo_font_size_mobile":0,"ocean_menu_typo_font_size_unit":"px","ocean_menu_typo_font_weight":"","ocean_menu_typo_font_weight_tablet":"","ocean_menu_typo_font_weight_mobile":"","ocean_menu_typo_transform":"","ocean_menu_typo_transform_tablet":"","ocean_menu_typo_transform_mobile":"","ocean_menu_typo_line_height":0,"ocean_menu_typo_line_height_tablet":0,"ocean_menu_typo_line_height_mobile":0,"ocean_menu_typo_line_height_unit":"","ocean_menu_typo_spacing":0,"ocean_menu_typo_spacing_tablet":0,"ocean_menu_typo_spacing_mobile":0,"ocean_menu_typo_spacing_unit":"","ocean_menu_link_color":"","ocean_menu_link_color_hover":"","ocean_menu_link_color_active":"","ocean_menu_link_background":"","ocean_menu_link_hover_background":"","ocean_menu_link_active_background":"","ocean_menu_social_links_bg":"","ocean_menu_social_hover_links_bg":"","ocean_menu_social_links_color":"","ocean_menu_social_hover_links_color":"","ocean_disable_title":"default","ocean_disable_heading":"default","ocean_post_title":"","ocean_post_subheading":"","ocean_post_title_style":"","ocean_post_title_background_color":"","ocean_post_title_background":0,"ocean_post_title_bg_image_position":"","ocean_post_title_bg_image_attachment":"","ocean_post_title_bg_image_repeat":"","ocean_post_title_bg_image_size":"","ocean_post_title_height":0,"ocean_post_title_bg_overlay":0.5,"ocean_post_title_bg_overlay_color":"","ocean_disable_breadcrumbs":"default","ocean_breadcrumbs_color":"","ocean_breadcrumbs_separator_color":"","ocean_breadcrumbs_links_color":"","ocean_breadcrumbs_links_hover_color":"","ocean_display_footer_widgets":"default","ocean_display_footer_bottom":"default","ocean_custom_footer_template":"0","omw_enable_modal_window":"enable"},"product_brand":[],"product_cat":[91],"product_tag":[114,119,116,122,121,120,123,124,127,117,118,125,113],"class_list":{"0":"post-15749","1":"product","2":"type-product","3":"status-publish","4":"has-post-thumbnail","6":"product_cat-k2-fluessigkeit-k2-liquid","7":"product_tag-bizarro-k2-fluessigkeit","8":"product_tag-bizarro-liquid-kaufen","9":"product_tag-c-k2-liquid","10":"product_tag-diablo-k2-flussigkeit","11":"product_tag-diablo-k2-kaufen","12":"product_tag-diablo-k2-liquid","13":"product_tag-diablo-k2-spice","14":"product_tag-diablo-k2-spice-kaufen","15":"product_tag-k2-diablo-spice-papier","16":"product_tag-k2-liquid","17":"product_tag-k2-liquid-kaufen","18":"product_tag-k2-spice-diablo","19":"product_tag-k2fluessigkeit","21":"entry","22":"has-media","24":"first","25":"instock","26":"featured","27":"shipping-taxable","28":"purchasable","29":"product-type-variable","30":"has-rating","31":"has-product-nav","32":"col","33":"span_1_of_3","34":"owp-content-center","35":"owp-thumbs-layout-horizontal","36":"owp-btn-normal","37":"owp-tabs-layout-horizontal"},"jetpack_sharing_enabled":true,"_links":{"self":[{"href":"https:\/\/k2papierladen.com\/ru\/wp-json\/wp\/v2\/product\/15749","targetHints":{"allow":["GET"]}}],"collection":[{"href":"https:\/\/k2papierladen.com\/ru\/wp-json\/wp\/v2\/product"}],"about":[{"href":"https:\/\/k2papierladen.com\/ru\/wp-json\/wp\/v2\/types\/product"}],"replies":[{"embeddable":true,"href":"https:\/\/k2papierladen.com\/ru\/wp-json\/wp\/v2\/comments?post=15749"}],"version-history":[{"count":3,"href":"https:\/\/k2papierladen.com\/ru\/wp-json\/wp\/v2\/product\/15749\/revisions"}],"predecessor-version":[{"id":16100,"href":"https:\/\/k2papierladen.com\/ru\/wp-json\/wp\/v2\/product\/15749\/revisions\/16100"}],"wp:featuredmedia":[{"embeddable":true,"href":"https:\/\/k2papierladen.com\/ru\/wp-json\/wp\/v2\/media\/15759"}],"wp:attachment":[{"href":"https:\/\/k2papierladen.com\/ru\/wp-json\/wp\/v2\/media?parent=15749"}],"wp:term":[{"taxonomy":"product_brand","embeddable":true,"href":"https:\/\/k2papierladen.com\/ru\/wp-json\/wp\/v2\/product_brand?post=15749"},{"taxonomy":"product_cat","embeddable":true,"href":"https:\/\/k2papierladen.com\/ru\/wp-json\/wp\/v2\/product_cat?post=15749"},{"taxonomy":"product_tag","embeddable":true,"href":"https:\/\/k2papierladen.com\/ru\/wp-json\/wp\/v2\/product_tag?post=15749"}],"curies":[{"name":"wp","href":"https:\/\/api.w.org\/{rel}","templated":true}]}}