{"id":16247,"date":"2026-03-30T21:20:15","date_gmt":"2026-03-30T20:20:15","guid":{"rendered":"https:\/\/k2papierladen.com\/?post_type=product&#038;p=16247"},"modified":"2026-04-01T15:33:34","modified_gmt":"2026-04-01T14:33:34","slug":"diablo-k2-pulver-kaufen","status":"publish","type":"product","link":"https:\/\/k2papierladen.com\/pt\/product\/diablo-k2-pulver-kaufen\/","title":{"rendered":"Diablo K2 Pulver kaufen"},"content":{"rendered":"<h1>Diablo K2 Pulver kaufen \u2013 Ultra-wirksames Kr\u00e4uter-R\u00e4ucherwerk<\/h1>\n<p>Diablo K2 Pulver ist ein legend\u00e4res, hochwirksames Kr\u00e4uter-R\u00e4ucherpulver, das f\u00fcr extreme Wirksamkeit, dichten Rauch und lang anhaltendes intensives Aroma entwickelt wurde. Es wird von erfahrenen Anwendern wegen seiner starken entspannenden Wirkung, der tiefen mentalen Versenkung und den \u00fcberw\u00e4ltigenden sensorischen Effekten gesch\u00e4tzt. Hergestellt aus hochwertigen Pflanzenstoffen mit authentischer Rezeptur \u2013 diskreter, schneller Versand, sichere Verpackung. Bestellen Sie jetzt echtes Diablo K2 Pulver f\u00fcr das st\u00e4rkste Kr\u00e4utererlebnis, das es gibt!<\/p>\n<h2>Diablo K2 Pulver \u2013 Explosive und bewusstseinsver\u00e4ndernde aromatische Kraft<\/h2>\n<p>Diese Elite-Mischung wirkt schnell und intensiv mit kr\u00e4ftigen, erfrischenden Noten, die f\u00fcr unvergleichliche Entspannung, euphorie\u00e4hnliche Ruhe und vollst\u00e4ndigen Stressabbau sorgen. Ideal f\u00fcr die Schaffung einer au\u00dferweltlichen Atmosph\u00e4re oder extremer Entspannungssitzungen \u2013 gleichbleibende Qualit\u00e4t, keine F\u00fcllstoffe. Kaufen Sie hochwertiges Diablo K2 Pulver online mit vollst\u00e4ndiger Privatsph\u00e4re, Gro\u00dfhandelsoptionen und zuverl\u00e4ssiger weltweiter Lieferung.<\/p>\n<h2>Kaufen Sie Diablo K2-Pulver online<\/h2>\n<p>Kaufen Sie Diablo K2-Pulver, das beste Pulver auf dem Markt. Bestellen Sie es noch heute online und erleben Sie eine der intensivsten und schnellsten Kr\u00e4uter-R\u00e4uchermischungen, die es gibt. Diablo K2-Pulver wurde f\u00fcr erfahrene Aromakonsumenten entwickelt und bietet einen extrem starken, lang anhaltenden Duft, der neue Ma\u00dfst\u00e4be f\u00fcr synthetische R\u00e4ucherpulver setzt. Dieses Produkt ist ideal f\u00fcr den pers\u00f6nlichen Gebrauch oder zur Raumbeduftung und wurde f\u00fcr diejenigen entwickelt, die ein intensives aromatisches Erlebnis suchen. Es ist nichts f\u00fcr schwache Nerven und ausschlie\u00dflich zur Verwendung als R\u00e4ucherwerk bestimmt.<\/p>\n<h3>Zusammensetzung<\/h3>\n<p>Dieses Produkt ist ein fein gemahlener Kr\u00e4uterweihrauch, der aus einer Mischung von Tr\u00e4gerkr\u00e4utern und starken synthetischen Aromastoffen hergestellt wird. Jede Charge wird unter strenger Qualit\u00e4tskontrolle hergestellt, um Wirksamkeit, Konsistenz und Reinheit zu gew\u00e4hrleisten. Das Pulver ist frei von Tabak und Nikotin und dient ausschlie\u00dflich zu aromatischen Zwecken. Die einzigartige Formel von Diablo K2 sorgt f\u00fcr einen kr\u00e4ftigen und unverwechselbaren Duft, der schnell wirkt und stundenlang anh\u00e4lt.<\/p>\n<h2>Warum sollten Sie Diablo K2-Pulver bei <a href=\"https:\/\/k2papierladen.com\/pt\/k2-online-shop-k2-spice-laden\/\">k2papierladen.com<\/a> kaufen?<\/h2>\n<p>Wenn Sie hochwertige R\u00e4ucherwerkprodukte kaufen m\u00f6chten, ist k2papierladen.com Ihr vertrauensw\u00fcrdigster Online-Anbieter. Wir bieten laborgepr\u00fcftes, verifiziertes Diablo K2-Pulver, das diskret verpackt und umgehend versandt wird. Unsere Kunden kommen immer wieder zur\u00fcck, weil sie sich auf gleichbleibende Qualit\u00e4t, professionellen Service und zuverl\u00e4ssige Lieferung verlassen k\u00f6nnen. Wenn Sie bei uns kaufen, entscheiden Sie sich f\u00fcr Authentizit\u00e4t, Sicherheit und hochwertiges R\u00e4ucherpulver, das stets h\u00e4lt, was es verspricht.<\/p>\n<h2>Vor- und Nachteile<\/h2>\n<h3>Vorteile:<\/h3>\n<p>Extrem starkes und lang anhaltendes Aroma<\/p>\n<p>Schneller Einsetzen der aromatischen Wirkung<\/p>\n<p>Saubere, leicht zu verwendende Pulverkonsistenz<\/p>\n<p>Frei von Tabak und Nikotin<\/p>\n<p>Sichere Verpackung f\u00fcr Frische und Diskretion<\/p>\n<h3>Nachteile:<\/h3>\n<p>Aufgrund der hohen Intensit\u00e4t nicht f\u00fcr Anf\u00e4nger geeignet<\/p>\n<p>Kann in einigen Regionen gesetzlichen Beschr\u00e4nkungen unterliegen<\/p>\n<p>In kleinen oder unbel\u00fcfteten R\u00e4umen zu intensiv<\/p>\n<p>Ausschlie\u00dflich f\u00fcr den Gebrauch als R\u00e4ucherwerk\/Aromastoff geeignet<\/p>\n<p>Erfordert eine ordnungsgem\u00e4\u00dfe Lagerung, um die Haltbarkeit zu gew\u00e4hrleisten<\/p>\n<h2>Wo kann man hochwertige K2-Kr\u00e4uter-<a href=\"https:\/\/k2papierladen.com\/pt\/product\/barely-legal-kaum-legal\/\">R\u00e4ucherprodukte<\/a> kaufen?<\/h2>\n<p>Wenn Sie nach dem besten Ort suchen, um Diablo Powder online zu kaufen, besuchen Sie <a href=\"https:\/\/k2papierladen.com\/pt\/\">k2papierladen.com<\/a>. Unsere Plattform ist bekannt f\u00fcr erstklassige R\u00e4ucherprodukte, wettbewerbsf\u00e4hige Preise, schnellen Versand und hervorragenden Kundenservice. Wir bieten diskrete Rechnungsstellung und Verpackung, um Ihre Privatsph\u00e4re zu sch\u00fctzen und die Zufriedenheit mit jeder Bestellung zu gew\u00e4hrleisten. Ob Sie f\u00fcr den pers\u00f6nlichen Gebrauch oder f\u00fcr den Gro\u00dfhandel einkaufen, unser Shop ist die beste Wahl.<\/p>\n<h2>H\u00e4ufig gestellte Fragen (FAQs)<\/h2>\n<p><strong>F1: Ist Diablo Pulver an meinem Wohnort legal?<\/strong><br \/>\nA: Die Gesetze variieren je nach Standort. Informieren Sie sich vor dem Kauf immer \u00fcber die \u00f6rtlichen Gesetze.<\/p>\n<p><strong>F2: Wie verwende ich Diablo K2 Pulver sicher?<\/strong><br \/>\nA: Verwenden Sie es in einem gut bel\u00fcfteten Bereich mit einem R\u00e4uchergef\u00e4\u00df oder einem \u00e4hnlichen Ger\u00e4t. Es ist nur f\u00fcr den aromatischen Gebrauch bestimmt.<\/p>\n<p><strong>F3: Kann Diablo K2 Powder konsumiert oder geraucht werden?<\/strong><br \/>\nA: Nein. Es ist nur f\u00fcr den Gebrauch als R\u00e4ucherwerk bestimmt und darf niemals eingenommen, inhaliert oder geraucht werden.<\/p>\n<p><strong>F4: Wie stark ist der Duft von Diablo K2 Spice?<\/strong><br \/>\nA: Sehr stark. Es ist f\u00fcr erfahrene R\u00e4ucherwerk-Nutzer konzipiert und erzeugt schnelle, intensive aromatische Effekte.<\/p>\n<p><strong>F5: Wie sollte Diablo Powder gelagert werden?<\/strong><br \/>\nA: Bewahren Sie es in einem luftdichten Beh\u00e4lter vor Sonnenlicht und Feuchtigkeit gesch\u00fctzt auf, um seine Wirksamkeit und Haltbarkeit zu erhalten.<\/p>\n<h2>Diablo K2 Pulver kaufen \u2013 Ultra-wirksames Kr\u00e4uter-R\u00e4ucherwerk<\/h2>\n<p><a href=\"https:\/\/spicek2.com\/product\/comprar-polvo-bizarro-k2\/\" target=\"_blank\" rel=\"noopener\">Diablo K2<\/a> Pulver ist ein legend\u00e4res, hochwirksames Kr\u00e4uter-R\u00e4ucherpulver, das f\u00fcr extreme Wirksamkeit, dichten Rauch und lang anhaltendes intensives Aroma entwickelt wurde. Es wird von erfahrenen Anwendern wegen seiner starken entspannenden Wirkung, der tiefen mentalen Versenkung und den \u00fcberw\u00e4ltigenden sensorischen Effekten gesch\u00e4tzt. Hergestellt aus hochwertigen Pflanzenstoffen mit authentischer Rezeptur \u2013 diskreter, schneller Versand, sichere Verpackung. Bestellen Sie jetzt echtes Diablo K2 Pulver f\u00fcr das st\u00e4rkste Kr\u00e4utererlebnis, das es gibt!<\/p>\n<h2>Diablo K2 Pulver \u2013 Explosive und bewusstseinsver\u00e4ndernde aromatische Kraft<\/h2>\n<p>Diese Elite-Mischung wirkt schnell und intensiv mit kr\u00e4ftigen, erfrischenden Noten, die f\u00fcr unvergleichliche Entspannung, euphorie\u00e4hnliche Ruhe und vollst\u00e4ndigen Stressabbau sorgen. Ideal f\u00fcr die Schaffung einer au\u00dferweltlichen Atmosph\u00e4re oder extremer Entspannungssitzungen \u2013 gleichbleibende Qualit\u00e4t, keine F\u00fcllstoffe. Kaufen Sie hochwertiges Diablo K2 Pulver online mit vollst\u00e4ndiger Privatsph\u00e4re, Gro\u00dfhandelsoptionen und zuverl\u00e4ssiger weltweiter Lieferung.<\/p>","protected":false},"excerpt":{"rendered":"<h2>Diablo K2 Pulver kaufen \u2013 Ultra-wirksames Kr\u00e4uter-R\u00e4ucherwerk<\/h2>\n<p>Diablo K2 Pulver ist ein legend\u00e4res, hochwirksames Kr\u00e4uter-<a href=\"http:\/\/zupachemical.com\">R\u00e4ucherpulver<\/a>, das f\u00fcr extreme Wirksamkeit, dichten Rauch und lang anhaltendes intensives Aroma entwickelt wurde. Es wird von erfahrenen Anwendern wegen seiner starken entspannenden Wirkung, der tiefen mentalen Versenkung und den \u00fcberw\u00e4ltigenden sensorischen Effekten gesch\u00e4tzt. Hergestellt aus hochwertigen Pflanzenstoffen mit authentischer Rezeptur \u2013 diskreter, schneller Versand, sichere Verpackung. Bestellen Sie jetzt echtes Diablo K2 Pulver f\u00fcr das st\u00e4rkste Kr\u00e4utererlebnis, das es gibt!<\/p>","protected":false},"featured_media":0,"comment_status":"open","ping_status":"closed","template":"","meta":{"ocean_post_layout":"","ocean_both_sidebars_style":"","ocean_both_sidebars_content_width":0,"ocean_both_sidebars_sidebars_width":0,"ocean_sidebar":"0","ocean_second_sidebar":"0","ocean_disable_margins":"enable","ocean_add_body_class":"","ocean_shortcode_before_top_bar":"","ocean_shortcode_after_top_bar":"","ocean_shortcode_before_header":"","ocean_shortcode_after_header":"","ocean_has_shortcode":"","ocean_shortcode_after_title":"","ocean_shortcode_before_footer_widgets":"","ocean_shortcode_after_footer_widgets":"","ocean_shortcode_before_footer_bottom":"","ocean_shortcode_after_footer_bottom":"","ocean_display_top_bar":"default","ocean_display_header":"default","ocean_header_style":"","ocean_center_header_left_menu":"0","ocean_custom_header_template":"0","ocean_custom_logo":0,"ocean_custom_retina_logo":0,"ocean_custom_logo_max_width":0,"ocean_custom_logo_tablet_max_width":0,"ocean_custom_logo_mobile_max_width":0,"ocean_custom_logo_max_height":0,"ocean_custom_logo_tablet_max_height":0,"ocean_custom_logo_mobile_max_height":0,"ocean_header_custom_menu":"0","ocean_menu_typo_font_family":"0","ocean_menu_typo_font_subset":"","ocean_menu_typo_font_size":0,"ocean_menu_typo_font_size_tablet":0,"ocean_menu_typo_font_size_mobile":0,"ocean_menu_typo_font_size_unit":"px","ocean_menu_typo_font_weight":"","ocean_menu_typo_font_weight_tablet":"","ocean_menu_typo_font_weight_mobile":"","ocean_menu_typo_transform":"","ocean_menu_typo_transform_tablet":"","ocean_menu_typo_transform_mobile":"","ocean_menu_typo_line_height":0,"ocean_menu_typo_line_height_tablet":0,"ocean_menu_typo_line_height_mobile":0,"ocean_menu_typo_line_height_unit":"","ocean_menu_typo_spacing":0,"ocean_menu_typo_spacing_tablet":0,"ocean_menu_typo_spacing_mobile":0,"ocean_menu_typo_spacing_unit":"","ocean_menu_link_color":"","ocean_menu_link_color_hover":"","ocean_menu_link_color_active":"","ocean_menu_link_background":"","ocean_menu_link_hover_background":"","ocean_menu_link_active_background":"","ocean_menu_social_links_bg":"","ocean_menu_social_hover_links_bg":"","ocean_menu_social_links_color":"","ocean_menu_social_hover_links_color":"","ocean_disable_title":"default","ocean_disable_heading":"default","ocean_post_title":"","ocean_post_subheading":"","ocean_post_title_style":"","ocean_post_title_background_color":"","ocean_post_title_background":0,"ocean_post_title_bg_image_position":"","ocean_post_title_bg_image_attachment":"","ocean_post_title_bg_image_repeat":"","ocean_post_title_bg_image_size":"","ocean_post_title_height":0,"ocean_post_title_bg_overlay":0.5,"ocean_post_title_bg_overlay_color":"","ocean_disable_breadcrumbs":"default","ocean_breadcrumbs_color":"","ocean_breadcrumbs_separator_color":"","ocean_breadcrumbs_links_color":"","ocean_breadcrumbs_links_hover_color":"","ocean_display_footer_widgets":"default","ocean_display_footer_bottom":"default","ocean_custom_footer_template":"0","omw_enable_modal_window":"enable"},"product_brand":[],"product_cat":[87,92],"product_tag":[119,128,182,181,124,137,184,183,97,172,171,98],"class_list":{"0":"post-16247","1":"product","2":"type-product","3":"status-publish","5":"product_cat-k2-spice","6":"product_cat-k2-konzentrat","7":"product_tag-bizarro-liquid-kaufen","8":"product_tag-bizarro-spray","9":"product_tag-diablo-k2","10":"product_tag-diablo-k2-pulver","11":"product_tag-diablo-k2-spice-kaufen","12":"product_tag-diablo-k2-spice-spray","13":"product_tag-diablo-powder","14":"product_tag-diablo-pulver","15":"product_tag-k2-spice-papier","16":"product_tag-kraeuterweihrauch","17":"product_tag-raeucherwerk-kaufen","18":"product_tag-spice-papier","20":"entry","22":"first","23":"instock","24":"featured","25":"shipping-taxable","26":"purchasable","27":"product-type-variable","28":"has-product-nav","29":"col","30":"span_1_of_3","31":"owp-content-center","32":"owp-thumbs-layout-horizontal","33":"owp-btn-normal","34":"owp-tabs-layout-horizontal","35":"has-no-thumbnails"},"jetpack_sharing_enabled":true,"_links":{"self":[{"href":"https:\/\/k2papierladen.com\/pt\/wp-json\/wp\/v2\/product\/16247","targetHints":{"allow":["GET"]}}],"collection":[{"href":"https:\/\/k2papierladen.com\/pt\/wp-json\/wp\/v2\/product"}],"about":[{"href":"https:\/\/k2papierladen.com\/pt\/wp-json\/wp\/v2\/types\/product"}],"replies":[{"embeddable":true,"href":"https:\/\/k2papierladen.com\/pt\/wp-json\/wp\/v2\/comments?post=16247"}],"version-history":[{"count":1,"href":"https:\/\/k2papierladen.com\/pt\/wp-json\/wp\/v2\/product\/16247\/revisions"}],"predecessor-version":[{"id":16251,"href":"https:\/\/k2papierladen.com\/pt\/wp-json\/wp\/v2\/product\/16247\/revisions\/16251"}],"wp:attachment":[{"href":"https:\/\/k2papierladen.com\/pt\/wp-json\/wp\/v2\/media?parent=16247"}],"wp:term":[{"taxonomy":"product_brand","embeddable":true,"href":"https:\/\/k2papierladen.com\/pt\/wp-json\/wp\/v2\/product_brand?post=16247"},{"taxonomy":"product_cat","embeddable":true,"href":"https:\/\/k2papierladen.com\/pt\/wp-json\/wp\/v2\/product_cat?post=16247"},{"taxonomy":"product_tag","embeddable":true,"href":"https:\/\/k2papierladen.com\/pt\/wp-json\/wp\/v2\/product_tag?post=16247"}],"curies":[{"name":"wp","href":"https:\/\/api.w.org\/{rel}","templated":true}]}}