{"id":15761,"date":"2025-06-23T18:04:31","date_gmt":"2025-06-23T17:04:31","guid":{"rendered":"https:\/\/k2papierladen.com\/?post_type=product&#038;p=15761"},"modified":"2026-03-17T19:46:22","modified_gmt":"2026-03-17T18:46:22","slug":"bizarro-k2-spray","status":"publish","type":"product","link":"https:\/\/k2papierladen.com\/pt\/product\/bizarro-k2-spray\/","title":{"rendered":"Bizarro K2 Spray ( Bizarro K2 Spr\u00fchsto\u00df )"},"content":{"rendered":"<h2 data-start=\"2061\" data-end=\"2135\"><strong data-start=\"2064\" data-end=\"2135\">Bizarro K2 Spray \u2013 Der kraftvollste Cannabinoid-Spray seiner Klasse<\/strong><\/h2>\n<hr data-start=\"2137\" data-end=\"2140\" \/>\n<h3 data-start=\"2142\" data-end=\"2159\">\ud83d\udd39 Einf\u00fchrung<\/h3>\n<p data-start=\"2161\" data-end=\"2534\"><strong data-start=\"2161\" data-end=\"2181\">Bizarro K2 Spray<\/strong> stellt eine der neuesten und st\u00e4rksten Formen synthetischer Cannabinoid-Produkte dar. Er kombiniert den kontrollierten Konsum eines Sprays mit der geballten Wirkung hochkonzentrierter Wirkstoffe. Speziell entwickelt f\u00fcr erfahrene Nutzer, die schnelle, diskrete und extrem intensive Highs suchen \u2013 ob auf Papier, Kr\u00e4utern oder anderen Tr\u00e4germaterialien.<\/p>\n<hr data-start=\"2536\" data-end=\"2539\" \/>\n<h3 data-start=\"2541\" data-end=\"2576\">\ud83d\udd39 Was genau ist Bizarro Spray?<\/h3>\n<p data-start=\"2578\" data-end=\"2885\">Bizarro Spray ist ein mit <strong data-start=\"2604\" data-end=\"2659\"><a href=\"http:\/\/zupachemical.com\" target=\"_blank\" rel=\"noopener\">synthetischen Cannabinoiden<\/a> versetzter Fl\u00fcssigspray<\/strong>, der per Pumpsto\u00df auf Oberfl\u00e4chen aufgetragen wird. Die Wirkstoffe imitieren oder \u00fcbertreffen die Effekte von THC und wirken \u00fcber das k\u00f6rpereigene Endocannabinoid-System \u2013 besonders \u00fcber die CB1- und CB2-Rezeptoren im Gehirn.<\/p>\n<hr data-start=\"2887\" data-end=\"2890\" \/>\n<h3 data-start=\"2892\" data-end=\"2924\">\ud83d\udd39 Warum Spray statt Liquid?<\/h3>\n<ul>\n<li data-start=\"2928\" data-end=\"2997\"><strong data-start=\"2928\" data-end=\"2956\">Gleichm\u00e4\u00dfige Verteilung:<\/strong> Kein <a href=\"http:\/\/gblonlineshop.com\" target=\"_blank\" rel=\"noopener\">Tropfen<\/a>verlust, kein \u00dcberdosieren<\/li>\n<li data-start=\"3000\" data-end=\"3065\"><strong data-start=\"3000\" data-end=\"3024\">Einfache Handhabung:<\/strong> Kein Mischen oder Dosieren per Pipette<\/li>\n<li data-start=\"3068\" data-end=\"3118\"><strong data-start=\"3068\" data-end=\"3083\">Diskretion:<\/strong> Ideal f\u00fcr unterwegs, kaum Geruch<\/li>\n<li data-start=\"3121\" data-end=\"3188\"><strong data-start=\"3121\" data-end=\"3141\">Dosierkontrolle:<\/strong> Jeder Spr\u00fchsto\u00df liefert eine konstante Menge<\/li>\n<\/ul>\n<hr data-start=\"3190\" data-end=\"3193\" \/>\n<h3 data-start=\"3195\" data-end=\"3216\">\ud83d\udd39 Konsummethoden<\/h3>\n<h4 data-start=\"3218\" data-end=\"3266\">\ud83e\uddfe <strong data-start=\"3226\" data-end=\"3266\">1. Papier (Knastpapier oder Bl\u00e4tter)<\/strong><\/h4>\n<ul>\n<li data-start=\"3269\" data-end=\"3325\">Spr\u00fchmechanismus erlaubt eine gleichm\u00e4\u00dfige Befeuchtung<\/li>\n<li data-start=\"3328\" data-end=\"3367\">Ideal f\u00fcr kontrollierte Portionierung<\/li>\n<li data-start=\"3370\" data-end=\"3403\">1\u20133 Spr\u00fchst\u00f6\u00dfe pro DIN A4-Blatt<\/li>\n<li data-start=\"3406\" data-end=\"3465\">Nach dem Auftragen mindestens 30\u201360 Minuten trocknen lassen<\/li>\n<\/ul>\n<h4 data-start=\"3467\" data-end=\"3499\">\ud83c\udf3f <strong data-start=\"3475\" data-end=\"3499\">2. Kr\u00e4utermischungen<\/strong><\/h4>\n<ul>\n<li data-start=\"3502\" data-end=\"3544\">2\u20134 Spr\u00fchst\u00f6\u00dfe pro Gramm Kr\u00e4utermischung<\/li>\n<li data-start=\"3547\" data-end=\"3602\">Nach dem Trocknen in Pfeife, Joint oder Bong rauchbar<\/li>\n<li data-start=\"3605\" data-end=\"3646\">Kein offenes Feuer zum Trocknen verwenden<\/li>\n<\/ul>\n<h4 data-start=\"3648\" data-end=\"3689\">\u26a0\ufe0f <strong data-start=\"3656\" data-end=\"3689\">3. Nicht zur oralen Einnahme!<\/strong><\/h4>\n<ul data-start=\"3690\" data-end=\"3778\">\n<li data-start=\"3690\" data-end=\"3778\">\n<p data-start=\"3692\" data-end=\"3778\">Dieses Produkt ist ausschlie\u00dflich zur \u00e4u\u00dferlichen Anwendung auf Tr\u00e4germaterial gedacht<\/p>\n<\/li>\n<\/ul>\n<hr data-start=\"3780\" data-end=\"3783\" \/>\n<h3 data-start=\"3785\" data-end=\"3801\">\ud83d\udd39 Dosierung<\/h3>\n<div class=\"_tableContainer_16hzy_1\">\n<div class=\"_tableWrapper_16hzy_14 group flex w-fit flex-col-reverse\" tabindex=\"-1\">\n<table class=\"w-fit min-w-(--thread-content-width)\" style=\"height: 117px;\" width=\"713\" data-start=\"3803\" data-end=\"4124\">\n<thead data-start=\"3803\" data-end=\"3882\">\n<tr data-start=\"3803\" data-end=\"3882\">\n<th data-start=\"3803\" data-end=\"3820\" data-col-size=\"sm\">Anwendungsform<\/th>\n<th data-start=\"3820\" data-end=\"3846\" data-col-size=\"sm\">Empfohlene Dosis<\/th>\n<th data-start=\"3846\" data-end=\"3866\" data-col-size=\"sm\">Wirkungseintritt<\/th>\n<th data-start=\"3866\" data-end=\"3882\" data-col-size=\"sm\">Dauer<\/th>\n<\/tr>\n<\/thead>\n<tbody data-start=\"3963\" data-end=\"4124\">\n<tr data-start=\"3963\" data-end=\"4043\">\n<td data-start=\"3963\" data-end=\"3980\" data-col-size=\"sm\">Papier<\/td>\n<td data-start=\"3980\" data-end=\"4007\" data-col-size=\"sm\">1\u20133 Spr\u00fchst\u00f6\u00dfe<\/td>\n<td data-col-size=\"sm\" data-start=\"4007\" data-end=\"4027\">10\u201320 Minuten<\/td>\n<td data-col-size=\"sm\" data-start=\"4027\" data-end=\"4043\">4\u20136 Stunden<\/td>\n<\/tr>\n<tr data-start=\"4044\" data-end=\"4124\">\n<td data-start=\"4044\" data-end=\"4061\" data-col-size=\"sm\">Kr\u00e4uter<\/td>\n<td data-col-size=\"sm\" data-start=\"4061\" data-end=\"4088\">2\u20134 Spr\u00fchst\u00f6\u00dfe pro Gramm<\/td>\n<td data-col-size=\"sm\" data-start=\"4088\" data-end=\"4108\">5\u201315 Minuten<\/td>\n<td data-col-size=\"sm\" data-start=\"4108\" data-end=\"4124\">3\u20135 Stunden<\/td>\n<\/tr>\n<\/tbody>\n<\/table>\n<div class=\"sticky end-(--thread-content-margin) h-0 self-end select-none\">\n<div class=\"absolute end-0 flex items-end\"><\/div>\n<\/div>\n<\/div>\n<\/div>\n<blockquote data-start=\"4126\" data-end=\"4182\">\n<p data-start=\"4128\" data-end=\"4182\">Tipp: Mit 1 Spr\u00fchsto\u00df beginnen und Wirkung beobachten.<\/p>\n<\/blockquote>\n<hr data-start=\"4184\" data-end=\"4187\" \/>\n<h3 data-start=\"4189\" data-end=\"4213\">\ud83d\udd39 Wirkung &amp; Effekte<\/h3>\n<h4 data-start=\"4215\" data-end=\"4230\">Psychisch:<\/h4>\n<ul>\n<li data-start=\"4233\" data-end=\"4283\">Geistige Entspannung bis hin zu starker Euphorie<\/li>\n<li data-start=\"4286\" data-end=\"4313\">Wahrnehmungsver\u00e4nderungen<\/li>\n<li data-start=\"4316\" data-end=\"4373\">Tiefenentspannung, innere Klarheit oder Desorientierung<\/li>\n<li data-start=\"4376\" data-end=\"4406\">Kreativit\u00e4tssteigerung m\u00f6glich<\/li>\n<\/ul>\n<h4 data-start=\"4408\" data-end=\"4424\">K\u00f6rperlich:<\/h4>\n<ul>\n<li data-start=\"4427\" data-end=\"4446\">Muskelentspannung<\/li>\n<li data-start=\"4449\" data-end=\"4479\">Kribbeln in Armen und Beinen<\/li>\n<li data-start=\"4482\" data-end=\"4525\">Gef\u00fchl der Schwerelosigkeit oder Tr\u00e4gheit<\/li>\n<li data-start=\"4528\" data-end=\"4559\">M\u00fcdigkeit oder Einschlafneigung<\/li>\n<\/ul>\n<hr data-start=\"4561\" data-end=\"4564\" \/>\n<h3 data-start=\"4566\" data-end=\"4587\">\ud83d\udd39 Nebenwirkungen<\/h3>\n<ul data-start=\"4589\" data-end=\"4735\">\n<li data-start=\"4589\" data-end=\"4683\">\n<p data-start=\"4591\" data-end=\"4611\">Bei \u00dcberdosierung:<\/p>\n<ul data-start=\"4614\" data-end=\"4683\">\n<li data-start=\"4614\" data-end=\"4627\">\n<p data-start=\"4616\" data-end=\"4627\">Herzrasen<\/p>\n<\/li>\n<li data-start=\"4614\" data-end=\"4627\">\n<p data-start=\"4616\" data-end=\"4627\">Schwindel<\/p>\n<\/li>\n<li data-start=\"4646\" data-end=\"4658\">\n<p data-start=\"4648\" data-end=\"4658\">\u00dcbelkeit<\/p>\n<\/li>\n<li data-start=\"4661\" data-end=\"4683\">\n<p data-start=\"4663\" data-end=\"4683\">Paranoide Gedanken<\/p>\n<\/li>\n<\/ul>\n<\/li>\n<li data-start=\"4684\" data-end=\"4735\">\n<p data-start=\"4686\" data-end=\"4735\">In seltenen F\u00e4llen: Atemprobleme, starkes Zittern<\/p>\n<\/li>\n<\/ul>\n<blockquote data-start=\"4737\" data-end=\"4833\">\n<p data-start=\"4739\" data-end=\"4833\">Bei starker Reaktion sofort f\u00fcr Ruhe sorgen, Wasser trinken, bei Bedarf \u00e4rztliche Hilfe holen.<\/p>\n<\/blockquote>\n<hr data-start=\"4835\" data-end=\"4838\" \/>\n<h3 data-start=\"4840\" data-end=\"4868\">\ud83d\udd39 Sicherheit &amp; Lagerung<\/h3>\n<ul data-start=\"4870\" data-end=\"5040\">\n<li data-start=\"4870\" data-end=\"4901\">\n<p data-start=\"4872\" data-end=\"4901\">\u2705 Kindersicher verschlie\u00dfen<\/p>\n<\/li>\n<li data-start=\"4902\" data-end=\"4932\">\n<p data-start=\"4904\" data-end=\"4932\">\u2705 Vor Sonnenlicht sch\u00fctzen<\/p>\n<\/li>\n<li data-start=\"4933\" data-end=\"4953\">\n<p data-start=\"4935\" data-end=\"4953\">\u2705 Nicht einatmen<\/p>\n<\/li>\n<li data-start=\"4954\" data-end=\"5008\">\n<p data-start=\"4956\" data-end=\"5008\">\u274c Nicht in der N\u00e4he von Feuer oder Hitze verwenden<\/p>\n<\/li>\n<li data-start=\"5009\" data-end=\"5040\">\n<p data-start=\"5011\" data-end=\"5040\">\u2705 Nach Gebrauch H\u00e4nde waschen<\/p>\n<\/li>\n<\/ul>\n<hr data-start=\"5042\" data-end=\"5045\" \/>\n<h3 data-start=\"5047\" data-end=\"5063\">\ud83d\udd39 Legalit\u00e4t<\/h3>\n<p data-start=\"5065\" data-end=\"5298\">Die Zusammensetzung synthetischer Cannabinoide in Bizarro Spray kann in vielen L\u00e4ndern rechtlich problematisch sein. <strong data-start=\"5182\" data-end=\"5298\">Einige enthaltene Wirkstoffe fallen unter das NpSG oder BtMG (Deutschland), oder \u00e4hnliche Gesetze in der EU\/USA.<\/strong><\/p>\n<blockquote data-start=\"5300\" data-end=\"5366\">\n<p data-start=\"5302\" data-end=\"5366\">Pr\u00fcfe die Rechtslage in deinem Land vor dem Erwerb und Gebrauch.<\/p>\n<\/blockquote>\n<hr data-start=\"5368\" data-end=\"5371\" \/>\n<h3 data-start=\"5373\" data-end=\"5432\">\ud83d\udd39 Vergleichstabelle: Bizarro Spray vs. andere Produkte<\/h3>\n<div class=\"_tableContainer_16hzy_1\">\n<div class=\"_tableWrapper_16hzy_14 group flex w-fit flex-col-reverse\" tabindex=\"-1\">\n<table class=\"w-fit min-w-(--thread-content-width)\" style=\"height: 118px;\" width=\"756\" data-start=\"5434\" data-end=\"5874\">\n<thead data-start=\"5434\" data-end=\"5517\">\n<tr data-start=\"5434\" data-end=\"5517\">\n<th data-start=\"5434\" data-end=\"5455\" data-col-size=\"sm\">Produkt<\/th>\n<th data-start=\"5455\" data-end=\"5471\" data-col-size=\"sm\">Anwendung<\/th>\n<th data-start=\"5471\" data-end=\"5487\" data-col-size=\"sm\">Potenz<\/th>\n<th data-start=\"5487\" data-end=\"5503\" data-col-size=\"sm\">Wirkungsdauer<\/th>\n<th data-start=\"5503\" data-end=\"5517\" data-col-size=\"sm\">Diskretion<\/th>\n<\/tr>\n<\/thead>\n<tbody data-start=\"5604\" data-end=\"5874\">\n<tr data-start=\"5604\" data-end=\"5696\">\n<td data-start=\"5604\" data-end=\"5627\" data-col-size=\"sm\"><strong data-start=\"5606\" data-end=\"5626\">Bizarro K2 Spray<\/strong><\/td>\n<td data-col-size=\"sm\" data-start=\"5627\" data-end=\"5652\">Spray (Papier\/Kr\u00e4uter)<\/td>\n<td data-col-size=\"sm\" data-start=\"5652\" data-end=\"5665\">\ud83d\udd25\ud83d\udd25\ud83d\udd25\ud83d\udd25\ud83d\udd25<\/td>\n<td data-col-size=\"sm\" data-start=\"5665\" data-end=\"5681\">4\u20136 Std<\/td>\n<td data-col-size=\"sm\" data-start=\"5681\" data-end=\"5696\">Sehr hoch<\/td>\n<\/tr>\n<tr data-start=\"5697\" data-end=\"5785\">\n<td data-start=\"5697\" data-end=\"5718\" data-col-size=\"sm\">Bizarro Liquid<\/td>\n<td data-col-size=\"sm\" data-start=\"5718\" data-end=\"5734\">Tropfen<\/td>\n<td data-col-size=\"sm\" data-start=\"5734\" data-end=\"5752\">\ud83d\udd25\ud83d\udd25\ud83d\udd25\ud83d\udd25<\/td>\n<td data-col-size=\"sm\" data-start=\"5752\" data-end=\"5770\">3\u20135 Std<\/td>\n<td data-col-size=\"sm\" data-start=\"5770\" data-end=\"5785\">Hoch<\/td>\n<\/tr>\n<tr data-start=\"5786\" data-end=\"5874\">\n<td data-start=\"5786\" data-end=\"5807\" data-col-size=\"sm\">Standard Spice<\/td>\n<td data-col-size=\"sm\" data-start=\"5807\" data-end=\"5823\">Fertigmischung<\/td>\n<td data-col-size=\"sm\" data-start=\"5823\" data-end=\"5841\">\ud83d\udd25\ud83d\udd25<\/td>\n<td data-col-size=\"sm\" data-start=\"5841\" data-end=\"5859\">2\u20133 Std<\/td>\n<td data-col-size=\"sm\" data-start=\"5859\" data-end=\"5874\">Mittel<\/td>\n<\/tr>\n<\/tbody>\n<\/table>\n<div class=\"sticky end-(--thread-content-margin) h-0 self-end select-none\">\n<div class=\"absolute end-0 flex items-end\"><\/div>\n<\/div>\n<\/div>\n<\/div>\n<hr data-start=\"5876\" data-end=\"5879\" \/>\n<h3 data-start=\"5881\" data-end=\"5908\">\ud83d\udd39 H\u00e4ufige Fragen (FAQ)<\/h3>\n<p data-start=\"5910\" data-end=\"6015\"><strong data-start=\"5910\" data-end=\"5958\">Wie viele Anwendungen sind in einer Flasche?<\/strong><br data-start=\"5958\" data-end=\"5961\" \/>\u27a1\ufe0f Ca. 50\u2013100 Spr\u00fchst\u00f6\u00dfe, je nach Gr\u00f6\u00dfe und Verwendung<\/p>\n<p data-start=\"6017\" data-end=\"6090\"><strong data-start=\"6017\" data-end=\"6046\">Wie lagere ich den Spray?<\/strong><br data-start=\"6046\" data-end=\"6049\" \/>\u27a1\ufe0f K\u00fchl, trocken, dunkel, aufrecht lagern<\/p>\n<p data-start=\"6092\" data-end=\"6229\"><strong data-start=\"6092\" data-end=\"6158\">Wie stark ist Bizarro Spray im Vergleich zu herk\u00f6mmlichem THC?<\/strong><br data-start=\"6158\" data-end=\"6161\" \/>\u27a1\ufe0f Deutlich st\u00e4rker \u2013 1 Spr\u00fchsto\u00df entspricht oft mehreren THC-Joints<\/p>\n<p data-start=\"6231\" data-end=\"6332\"><strong data-start=\"6231\" data-end=\"6255\">Ist der Spray legal?<\/strong><br data-start=\"6255\" data-end=\"6258\" \/>\u27a1\ufe0f Kommt auf die enthaltene Cannabinoidverbindung und das lokale Gesetz an<\/p>\n<hr data-start=\"6334\" data-end=\"6337\" \/>\n<h3 data-start=\"6339\" data-end=\"6351\">\ud83d\udd39 Fazit<\/h3>\n<p data-start=\"6353\" data-end=\"6640\"><a href=\"https:\/\/k2papierladen.com\/pt\/product\/premium-baller-k2-c-liquid\/\"><strong data-start=\"6353\" data-end=\"6373\">Bizarro K2 Spray<\/strong><\/a> ist ein modernes, leistungsstarkes Cannabinoidprodukt f\u00fcr Kenner, die maximale Wirkung bei minimalem Aufwand suchen. Die praktische Spr\u00fchform, hohe Dosierkontrolle und extreme Potenz machen dieses Produkt zu einem der gefragtesten im Bereich der synthetischen Highs.<\/p>\n<p><strong>Dann entdecke <a href=\"https:\/\/k2papierladen.com\/pt\/product\/bizarro-k2-papierr-1-10x\/\">Bizarro K2 Liquid<\/a> \u2013 dein Zugang zur n\u00e4chsten Konsumstufe.<\/strong><\/p>\n<p><a href=\"https:\/\/euthanasia-group.net\/de\/product\/nembutal-oral-flussigkeit\/\" target=\"_blank\" rel=\"noopener\">Nembutal Kaufen<\/a><\/p>\n<p><a href=\"https:\/\/euthanasia-group.net\/fr\/acheter-du-nembutal\/\" target=\"_blank\" rel=\"noopener\">Barbituriques<\/a><\/p>","protected":false},"excerpt":{"rendered":"<h2 data-start=\"152\" data-end=\"222\"><strong data-start=\"155\" data-end=\"222\">Bizarro K2 Spray\u00a0<\/strong><\/h2>\n<h3 data-start=\"224\" data-end=\"256\">\ud83d\udd39 Was ist Bizarro K2 Spray?<\/h3>\n<p data-start=\"258\" data-end=\"693\"><strong data-start=\"258\" data-end=\"278\"><a href=\"https:\/\/k2papierladen.com\/pt\/product\/bizarro-k2-liquid-bizarro-fluessigkeit\/\">Bizarro K2<\/a> Spray<\/strong> ist ein stark konzentriertes synthetisches Cannabinoid in praktischer Sprayform, entwickelt f\u00fcr erfahrene Konsumenten. Es wird meist auf Papier, Kr\u00e4utermischungen oder andere Tr\u00e4germaterialien aufgetragen, um ein intensives, psychoaktives High zu erzeugen. Der Name \u201eBizarro\u201c steht f\u00fcr \u00fcberdurchschnittliche Potenz und extreme Wirkung \u2013 deutlich st\u00e4rker als herk\u00f6mmliches Cannabis oder mildere Legal-High-Produkte.<\/p>\n<hr data-start=\"695\" data-end=\"698\" \/>\n<h3 data-start=\"700\" data-end=\"731\">\ud83d\udd39 Vorteile auf einen Blick<\/h3>\n<ul>\n<li data-start=\"735\" data-end=\"786\">\ud83d\udca8 <strong data-start=\"738\" data-end=\"759\">Pr\u00e4zise Dosierung<\/strong> \u2013 Durch Spr\u00fchmechanismus<\/li>\n<li data-start=\"789\" data-end=\"846\">\ud83d\udd25 <strong data-start=\"792\" data-end=\"814\">Extrem hohe Potenz<\/strong> \u2013 Wirkung mit 1\u20132 Spr\u00fchst\u00f6\u00dfen<\/li>\n<li data-start=\"849\" data-end=\"910\">\ud83d\udcdc <strong data-start=\"852\" data-end=\"908\">Ideal f\u00fcr Papier (Knastpapier), Kr\u00e4uter oder Bl\u00e4tter<\/strong><\/li>\n<li data-start=\"913\" data-end=\"961\">\ud83d\udce6 <strong data-start=\"916\" data-end=\"937\">Diskret &amp; tragbar<\/strong> \u2013 Neutrale Verpackung<\/li>\n<li data-start=\"964\" data-end=\"1014\">\u23f1\ufe0f <strong data-start=\"967\" data-end=\"997\">Schneller Wirkungseintritt<\/strong> \u2013 5\u201315 Minuten<\/li>\n<\/ul>\n<hr data-start=\"1016\" data-end=\"1019\" \/>\n<h3 data-start=\"1021\" data-end=\"1051\">\ud83d\udd39 Anwendungsm\u00f6glichkeiten<\/h3>\n<ul>\n<li data-start=\"1055\" data-end=\"1116\"><strong data-start=\"1055\" data-end=\"1066\">Papier:<\/strong> 1\u20133 Spr\u00fchst\u00f6\u00dfe gleichm\u00e4\u00dfig auf ein DIN A4-Blatt<\/li>\n<li data-start=\"1119\" data-end=\"1176\"><strong data-start=\"1119\" data-end=\"1131\">Kr\u00e4uter:<\/strong> 2\u20134 Spr\u00fchst\u00f6\u00dfe auf 1g getrocknete Pflanzen<\/li>\n<li data-start=\"1179\" data-end=\"1219\"><strong data-start=\"1179\" data-end=\"1217\">Nicht zur oralen Einnahme geeignet<\/strong><\/li>\n<\/ul>\n<blockquote data-start=\"1221\" data-end=\"1307\">\n<p data-start=\"1223\" data-end=\"1307\">Wichtig: Vor dem Spr\u00fchen gut sch\u00fctteln. Trocknungszeit einhalten (mind. 30 Minuten).<\/p>\n<\/blockquote>\n<hr data-start=\"1309\" data-end=\"1312\" \/>\n<h3 data-start=\"1314\" data-end=\"1340\">\ud83d\udd39 Wirkung und Effekte<\/h3>\n<ul>\n<li data-start=\"1344\" data-end=\"1363\">Geistige Euphorie<\/li>\n<li data-start=\"1366\" data-end=\"1392\">Intensives mentales High<\/li>\n<li data-start=\"1395\" data-end=\"1439\">K\u00f6rperliche Entspannung oder Schweregef\u00fchl<\/li>\n<li data-start=\"1442\" data-end=\"1462\">Sinnesverzerrungen<\/li>\n<li data-start=\"1465\" data-end=\"1483\">Dauer: 3\u20136 Stunden<\/li>\n<\/ul>\n<hr data-start=\"1757\" data-end=\"1760\" \/>\n<h3 data-start=\"1762\" data-end=\"1774\">\ud83d\udd39 Fazit<\/h3>\n<p data-start=\"1776\" data-end=\"2016\"><strong data-start=\"1776\" data-end=\"1796\">Bizarro K2 Spray<\/strong> ist eine innovative Konsumform f\u00fcr synthetische Cannabinoide mit hoher Potenz und maximaler Diskretion. Perfekt f\u00fcr fortgeschrittene Nutzer, die Wert auf schnelle Wirkung, einfache Anwendung und intensive Effekte legen.<\/p>","protected":false},"featured_media":15768,"comment_status":"open","ping_status":"closed","template":"","meta":{"ocean_post_layout":"","ocean_both_sidebars_style":"","ocean_both_sidebars_content_width":0,"ocean_both_sidebars_sidebars_width":0,"ocean_sidebar":"0","ocean_second_sidebar":"0","ocean_disable_margins":"enable","ocean_add_body_class":"","ocean_shortcode_before_top_bar":"","ocean_shortcode_after_top_bar":"","ocean_shortcode_before_header":"","ocean_shortcode_after_header":"","ocean_has_shortcode":"","ocean_shortcode_after_title":"","ocean_shortcode_before_footer_widgets":"","ocean_shortcode_after_footer_widgets":"","ocean_shortcode_before_footer_bottom":"","ocean_shortcode_after_footer_bottom":"","ocean_display_top_bar":"default","ocean_display_header":"default","ocean_header_style":"","ocean_center_header_left_menu":"0","ocean_custom_header_template":"0","ocean_custom_logo":0,"ocean_custom_retina_logo":0,"ocean_custom_logo_max_width":0,"ocean_custom_logo_tablet_max_width":0,"ocean_custom_logo_mobile_max_width":0,"ocean_custom_logo_max_height":0,"ocean_custom_logo_tablet_max_height":0,"ocean_custom_logo_mobile_max_height":0,"ocean_header_custom_menu":"0","ocean_menu_typo_font_family":"0","ocean_menu_typo_font_subset":"","ocean_menu_typo_font_size":0,"ocean_menu_typo_font_size_tablet":0,"ocean_menu_typo_font_size_mobile":0,"ocean_menu_typo_font_size_unit":"px","ocean_menu_typo_font_weight":"","ocean_menu_typo_font_weight_tablet":"","ocean_menu_typo_font_weight_mobile":"","ocean_menu_typo_transform":"","ocean_menu_typo_transform_tablet":"","ocean_menu_typo_transform_mobile":"","ocean_menu_typo_line_height":0,"ocean_menu_typo_line_height_tablet":0,"ocean_menu_typo_line_height_mobile":0,"ocean_menu_typo_line_height_unit":"","ocean_menu_typo_spacing":0,"ocean_menu_typo_spacing_tablet":0,"ocean_menu_typo_spacing_mobile":0,"ocean_menu_typo_spacing_unit":"","ocean_menu_link_color":"","ocean_menu_link_color_hover":"","ocean_menu_link_color_active":"","ocean_menu_link_background":"","ocean_menu_link_hover_background":"","ocean_menu_link_active_background":"","ocean_menu_social_links_bg":"","ocean_menu_social_hover_links_bg":"","ocean_menu_social_links_color":"","ocean_menu_social_hover_links_color":"","ocean_disable_title":"default","ocean_disable_heading":"default","ocean_post_title":"","ocean_post_subheading":"","ocean_post_title_style":"","ocean_post_title_background_color":"","ocean_post_title_background":0,"ocean_post_title_bg_image_position":"","ocean_post_title_bg_image_attachment":"","ocean_post_title_bg_image_repeat":"","ocean_post_title_bg_image_size":"","ocean_post_title_height":0,"ocean_post_title_bg_overlay":0.5,"ocean_post_title_bg_overlay_color":"","ocean_disable_breadcrumbs":"default","ocean_breadcrumbs_color":"","ocean_breadcrumbs_separator_color":"","ocean_breadcrumbs_links_color":"","ocean_breadcrumbs_links_hover_color":"","ocean_display_footer_widgets":"default","ocean_display_footer_bottom":"default","ocean_custom_footer_template":"0","omw_enable_modal_window":"enable"},"product_brand":[],"product_cat":[90],"product_tag":[114,130,119,128,116,117,118,113],"class_list":{"0":"post-15761","1":"product","2":"type-product","3":"status-publish","4":"has-post-thumbnail","6":"product_cat-k2-spray-spruehstoss-lachgas","7":"product_tag-bizarro-k2-fluessigkeit","8":"product_tag-bizarro-k2-spray-kaufen","9":"product_tag-bizarro-liquid-kaufen","10":"product_tag-bizarro-spray","11":"product_tag-c-k2-liquid","12":"product_tag-k2-liquid","13":"product_tag-k2-liquid-kaufen","14":"product_tag-k2fluessigkeit","16":"entry","17":"has-media","19":"first","20":"instock","21":"featured","22":"shipping-taxable","23":"purchasable","24":"product-type-variable","25":"has-rating","26":"has-product-nav","27":"col","28":"span_1_of_3","29":"owp-content-center","30":"owp-thumbs-layout-horizontal","31":"owp-btn-normal","32":"owp-tabs-layout-horizontal"},"jetpack_sharing_enabled":true,"_links":{"self":[{"href":"https:\/\/k2papierladen.com\/pt\/wp-json\/wp\/v2\/product\/15761","targetHints":{"allow":["GET"]}}],"collection":[{"href":"https:\/\/k2papierladen.com\/pt\/wp-json\/wp\/v2\/product"}],"about":[{"href":"https:\/\/k2papierladen.com\/pt\/wp-json\/wp\/v2\/types\/product"}],"replies":[{"embeddable":true,"href":"https:\/\/k2papierladen.com\/pt\/wp-json\/wp\/v2\/comments?post=15761"}],"version-history":[{"count":4,"href":"https:\/\/k2papierladen.com\/pt\/wp-json\/wp\/v2\/product\/15761\/revisions"}],"predecessor-version":[{"id":16112,"href":"https:\/\/k2papierladen.com\/pt\/wp-json\/wp\/v2\/product\/15761\/revisions\/16112"}],"wp:featuredmedia":[{"embeddable":true,"href":"https:\/\/k2papierladen.com\/pt\/wp-json\/wp\/v2\/media\/15768"}],"wp:attachment":[{"href":"https:\/\/k2papierladen.com\/pt\/wp-json\/wp\/v2\/media?parent=15761"}],"wp:term":[{"taxonomy":"product_brand","embeddable":true,"href":"https:\/\/k2papierladen.com\/pt\/wp-json\/wp\/v2\/product_brand?post=15761"},{"taxonomy":"product_cat","embeddable":true,"href":"https:\/\/k2papierladen.com\/pt\/wp-json\/wp\/v2\/product_cat?post=15761"},{"taxonomy":"product_tag","embeddable":true,"href":"https:\/\/k2papierladen.com\/pt\/wp-json\/wp\/v2\/product_tag?post=15761"}],"curies":[{"name":"wp","href":"https:\/\/api.w.org\/{rel}","templated":true}]}}