{"id":14,"date":"2025-06-24T01:24:45","date_gmt":"2025-06-24T00:24:45","guid":{"rendered":"https:\/\/k2papierladen.com\/?page_id=14"},"modified":"2025-06-30T20:11:42","modified_gmt":"2025-06-30T19:11:42","slug":"ruckerstattung-und-ruckgabe","status":"publish","type":"page","link":"https:\/\/k2papierladen.com\/pt\/ruckerstattung-und-ruckgabe\/","title":{"rendered":"R\u00fcckerstattung und R\u00fcckgabe"},"content":{"rendered":"<h2 class=\"wp-block-heading\">\u00dcbersicht<\/h2>\n\n\n\n<p>Unsere R\u00fcckerstattungs- und R\u00fcckgabebestimmungen gelten f\u00fcr 30 Tage. Wenn seit Ihrem Kauf 30 Tage vergangen sind, k\u00f6nnen wir Ihnen keine vollst\u00e4ndige R\u00fcckerstattung oder keinen Umtausch anbieten.<\/p>\n\n\n\n<p>Um f\u00fcr eine R\u00fcckgabe in Frage zu kommen, muss Ihr Artikel unbenutzt sein und sich in demselben Zustand befinden, in dem Sie ihn erhalten haben. Au\u00dferdem muss er sich in der Originalverpackung befinden.<\/p>\n\n\n\n<p>Da unsere Waren streng kontrolliert werden und eine ordnungsgem\u00e4\u00dfe Handhabung erfordern, bitten wir um \u00e4u\u00dferste Sorgfalt, wenn Sie eine R\u00fcckerstattung verlangen oder beantragen. Ein Foto oder Video des Produkts kann bei einem vollst\u00e4ndigen Ersatz des Produkts hilfreich sein.<\/p>\n\n\n\n<p>Zus\u00e4tzliche nicht r\u00fcckgabef\u00e4hige Artikel:<\/p>\n\n\n\n<ul class=\"wp-block-list\">\n<li><a href=\"https:\/\/k2papierladen.com\/pt\/\">K2 Paper Spice<\/a><\/li>\n\n\n\n<li><a href=\"https:\/\/k2papierladen.com\/pt\/product\/diablo-k2-liquid-diablo-fluessigkeit\/\">K2 Spice Konzentrat<\/a><\/li>\n\n\n\n<li><a href=\"https:\/\/k2papierladen.com\/pt\/product\/diablo-k2-spray\/\">k2 Spice Spray<\/a><\/li>\n<\/ul>\n\n\n\n<p>Um Ihre R\u00fccksendung abzuschlie\u00dfen, ben\u00f6tigen wir eine Quittung oder einen Kaufbeleg.<\/p>\n\n\n\n<p>Bitte schicken Sie Ihren Einkauf nicht ohne Best\u00e4tigung von uns auf dem Versandweg zur\u00fcck. .<\/p>\n\n\n\n<p>Es gibt bestimmte Situationen, in denen nur eine teilweise R\u00fcckerstattung gew\u00e4hrt wird:<\/p>\n\n\n\n<ul class=\"wp-block-list\">\n<li>Manipulierte, aber unbenutzte Produkte<\/li>\n\n\n\n<li>Ge\u00f6ffnet, aber nicht konsumiert.<\/li>\n\n\n\n<li>Mehr als 21 Tage (stark behandeltes Knastpapier)<\/li>\n<\/ul>\n\n\n\n<h2 class=\"wp-block-heading\">Erstattungen<\/h2>\n\n\n\n<p>Sobald wir Ihre R\u00fccksendung erhalten und gepr\u00fcft haben, senden wir Ihnen eine E-Mail, um Sie dar\u00fcber zu informieren, dass wir Ihren zur\u00fcckgesandten Artikel erhalten haben. Wir werden Sie auch \u00fcber die Genehmigung oder Ablehnung Ihrer R\u00fcckerstattung informieren.<\/p>\n\n\n\n<p>Im Falle einer Genehmigung wird Ihre R\u00fcckerstattung bearbeitet und eine Gutschrift auf Ihre Kreditkarte oder Ihre urspr\u00fcngliche Zahlungsmethode wird innerhalb einer bestimmten Anzahl von Tagen automatisch vorgenommen.<\/p>\n\n\n\n<h3 class=\"wp-block-heading\">R\u00fcckerstattung<\/h3>\n\n\n\n<p>Sobald wir Ihre R\u00fccksendung erhalten und gepr\u00fcft haben, senden wir Ihnen eine E-Mail, um Sie dar\u00fcber zu informieren, dass wir Ihren zur\u00fcckgesandten Artikel erhalten haben. Wir werden Sie auch \u00fcber die Genehmigung oder Ablehnung Ihrer R\u00fcckerstattung informieren.<\/p>\n\n\n\n<p>Im Falle einer Genehmigung wird Ihre R\u00fcckerstattung bearbeitet und eine Gutschrift auf Ihre Kreditkarte oder Ihre urspr\u00fcngliche Zahlungsmethode wird innerhalb einer bestimmten Anzahl von Tagen automatisch vorgenommen.<\/p>\n\n\n\n<h3 class=\"wp-block-heading\">Verkaufte Artikel<\/h3>\n\n\n\n<p>Nur Artikel zum regul\u00e4ren Preis k\u00f6nnen erstattet werden. Ausverkaufsartikel k\u00f6nnen nicht zur\u00fcckerstattet werden.<\/p>\n\n\n\n<h2 class=\"wp-block-heading\">Umtausch<\/h2>\n\n\n\n<p>Wir tauschen nur Artikel um, wenn sie defekt oder besch\u00e4digt sind. Wenn Sie den Artikel umtauschen m\u00f6chten, senden Sie uns bitte eine E-Mail an contact@k2papierladen.com und senden Sie den Artikel an die Adresse, die in der Antwort-E-Mail angegeben ist.<\/p>\n\n\n\n<h3 class=\"wp-block-heading\">Geschenke<\/h3>\n\n\n\n<p>Wenn der Artikel beim Kauf als Geschenk gekennzeichnet war und direkt an Sie versandt wurde, erhalten Sie eine Geschenkgutschrift in H\u00f6he des Wertes Ihrer R\u00fccksendung. Sobald der zur\u00fcckgesandte Artikel eingegangen ist, wird Ihnen ein Geschenkgutschein zugeschickt.<\/p>\n\n\n\n<p>Wenn der Artikel beim Kauf nicht als Geschenk gekennzeichnet war oder der Schenkende die Bestellung an sich selbst geschickt hat, um sie sp\u00e4ter an Sie zu verschenken, senden wir eine R\u00fcckerstattung an den Schenkenden und er erf\u00e4hrt von Ihrer R\u00fcckgabe.<\/p>\n\n\n\n<h2 class=\"wp-block-heading\">R\u00fccksendung<\/h2>\n\n\n\n<p>Um Ihr Produkt zur\u00fcckzusenden, schicken Sie es bitte an die Adresse, die bei Erhalt des Produkts auf dem Produkt angegeben ist. Zur Best\u00e4tigung senden Sie bitte immer eine E-Mail, damit diese Adresse best\u00e4tigt werden kann, bevor Sie das Produkt versenden.<\/p>\n\n\n\n<p>Sie m\u00fcssen die Versandkosten f\u00fcr die R\u00fccksendung Ihres Artikels selbst tragen. Die Versandkosten sind nicht erstattungsf\u00e4hig. Wenn Sie eine R\u00fcckerstattung erhalten, werden die Kosten f\u00fcr den R\u00fcckversand von Ihrer R\u00fcckerstattung abgezogen.<\/p>\n\n\n\n<p>Je nachdem, wo Sie wohnen, kann es unterschiedlich lange dauern, bis das umgetauschte Produkt bei Ihnen eintrifft.<\/p>\n\n\n\n<p>Wenn Sie teurere Artikel zur\u00fccksenden, sollten Sie einen verfolgbaren Versanddienst nutzen oder eine Versandversicherung abschlie\u00dfen. Wir k\u00f6nnen nicht garantieren, dass wir Ihren zur\u00fcckgesandten Artikel erhalten.<\/p>\n\n\n\n<h2 class=\"wp-block-heading\">Brauchen Sie Hilfe?<\/h2>\n\n\n\n<p>Wenden Sie sich bei Fragen zu R\u00fcckerstattungen und R\u00fccksendungen an contact@k2papierladen.com.<\/p>\n\n\n\n<p>Dies ist nur eine Richtlinie und gilt ab dem Datum 01\/01\/2025. Sie wird bei jeder \u00c4nderung in unserer Einrichtung aktualisiert. Sollte ein Kunde jedoch ein Problem oder eine spezielle Anfrage haben, k\u00f6nnen Sie uns jederzeit per E-Mail, Whatsapp, Livechat oder sogar Telegramm erreichen. Wir sind 24\/7 erreichbar. Wir stehen immer noch auf der Tatsache, dass wir die besten sind hier drau\u00dfen machen alle gl\u00fccklich von innen. Bestellen Sie K2spice noch heute bei uns.<\/p>\n\n\n\n<p>Tag: <a href=\"http:\/\/euthanasia-group.net\" data-type=\"link\" data-id=\"euthanasiagroup.net\" target=\"_blank\" rel=\"noopener\">Euthanasie<\/a><\/p>\n\n\n\n<p><\/p>","protected":false},"excerpt":{"rendered":"<p>\u00dcbersicht Unsere R\u00fcckerstattungs- und R\u00fcckgabebestimmungen gelten f\u00fcr 30 Tage. Wenn seit Ihrem Kauf 30 Tage vergangen sind, k\u00f6nnen wir Ihnen keine vollst\u00e4ndige R\u00fcckerstattung oder keinen Umtausch anbieten. Um f\u00fcr eine R\u00fcckgabe in Frage zu kommen, muss Ihr Artikel unbenutzt sein und sich in demselben Zustand befinden, in dem Sie ihn erhalten haben. Au\u00dferdem muss er [&hellip;]<\/p>\n","protected":false},"author":1,"featured_media":6787,"parent":0,"menu_order":0,"comment_status":"closed","ping_status":"closed","template":"","meta":{"ocean_post_layout":"","ocean_both_sidebars_style":"","ocean_both_sidebars_content_width":0,"ocean_both_sidebars_sidebars_width":0,"ocean_sidebar":"","ocean_second_sidebar":"","ocean_disable_margins":"enable","ocean_add_body_class":"","ocean_shortcode_before_top_bar":"","ocean_shortcode_after_top_bar":"","ocean_shortcode_before_header":"","ocean_shortcode_after_header":"","ocean_has_shortcode":"","ocean_shortcode_after_title":"","ocean_shortcode_before_footer_widgets":"","ocean_shortcode_after_footer_widgets":"","ocean_shortcode_before_footer_bottom":"","ocean_shortcode_after_footer_bottom":"","ocean_display_top_bar":"default","ocean_display_header":"default","ocean_header_style":"","ocean_center_header_left_menu":"","ocean_custom_header_template":"","ocean_custom_logo":0,"ocean_custom_retina_logo":0,"ocean_custom_logo_max_width":0,"ocean_custom_logo_tablet_max_width":0,"ocean_custom_logo_mobile_max_width":0,"ocean_custom_logo_max_height":0,"ocean_custom_logo_tablet_max_height":0,"ocean_custom_logo_mobile_max_height":0,"ocean_header_custom_menu":"","ocean_menu_typo_font_family":"","ocean_menu_typo_font_subset":"","ocean_menu_typo_font_size":0,"ocean_menu_typo_font_size_tablet":0,"ocean_menu_typo_font_size_mobile":0,"ocean_menu_typo_font_size_unit":"px","ocean_menu_typo_font_weight":"","ocean_menu_typo_font_weight_tablet":"","ocean_menu_typo_font_weight_mobile":"","ocean_menu_typo_transform":"","ocean_menu_typo_transform_tablet":"","ocean_menu_typo_transform_mobile":"","ocean_menu_typo_line_height":0,"ocean_menu_typo_line_height_tablet":0,"ocean_menu_typo_line_height_mobile":0,"ocean_menu_typo_line_height_unit":"","ocean_menu_typo_spacing":0,"ocean_menu_typo_spacing_tablet":0,"ocean_menu_typo_spacing_mobile":0,"ocean_menu_typo_spacing_unit":"","ocean_menu_link_color":"","ocean_menu_link_color_hover":"","ocean_menu_link_color_active":"","ocean_menu_link_background":"","ocean_menu_link_hover_background":"","ocean_menu_link_active_background":"","ocean_menu_social_links_bg":"","ocean_menu_social_hover_links_bg":"","ocean_menu_social_links_color":"","ocean_menu_social_hover_links_color":"","ocean_disable_title":"default","ocean_disable_heading":"default","ocean_post_title":"","ocean_post_subheading":"","ocean_post_title_style":"","ocean_post_title_background_color":"","ocean_post_title_background":0,"ocean_post_title_bg_image_position":"","ocean_post_title_bg_image_attachment":"","ocean_post_title_bg_image_repeat":"","ocean_post_title_bg_image_size":"","ocean_post_title_height":0,"ocean_post_title_bg_overlay":0.5,"ocean_post_title_bg_overlay_color":"","ocean_disable_breadcrumbs":"default","ocean_breadcrumbs_color":"","ocean_breadcrumbs_separator_color":"","ocean_breadcrumbs_links_color":"","ocean_breadcrumbs_links_hover_color":"","ocean_display_footer_widgets":"default","ocean_display_footer_bottom":"default","ocean_custom_footer_template":"","omw_enable_modal_window":"enable","footnotes":""},"class_list":["post-14","page","type-page","status-publish","has-post-thumbnail","hentry","entry","has-media","owp-thumbs-layout-horizontal","owp-btn-normal","owp-tabs-layout-horizontal","has-no-thumbnails","has-product-nav"],"jetpack_sharing_enabled":true,"_links":{"self":[{"href":"https:\/\/k2papierladen.com\/pt\/wp-json\/wp\/v2\/pages\/14","targetHints":{"allow":["GET"]}}],"collection":[{"href":"https:\/\/k2papierladen.com\/pt\/wp-json\/wp\/v2\/pages"}],"about":[{"href":"https:\/\/k2papierladen.com\/pt\/wp-json\/wp\/v2\/types\/page"}],"author":[{"embeddable":true,"href":"https:\/\/k2papierladen.com\/pt\/wp-json\/wp\/v2\/users\/1"}],"replies":[{"embeddable":true,"href":"https:\/\/k2papierladen.com\/pt\/wp-json\/wp\/v2\/comments?post=14"}],"version-history":[{"count":2,"href":"https:\/\/k2papierladen.com\/pt\/wp-json\/wp\/v2\/pages\/14\/revisions"}],"predecessor-version":[{"id":15823,"href":"https:\/\/k2papierladen.com\/pt\/wp-json\/wp\/v2\/pages\/14\/revisions\/15823"}],"wp:featuredmedia":[{"embeddable":true,"href":"https:\/\/k2papierladen.com\/pt\/wp-json\/wp\/v2\/media\/6787"}],"wp:attachment":[{"href":"https:\/\/k2papierladen.com\/pt\/wp-json\/wp\/v2\/media?parent=14"}],"curies":[{"name":"wp","href":"https:\/\/api.w.org\/{rel}","templated":true}]}}