{"id":15770,"date":"2025-06-23T18:16:13","date_gmt":"2025-06-23T17:16:13","guid":{"rendered":"https:\/\/k2papierladen.com\/?post_type=product&#038;p=15770"},"modified":"2026-03-30T21:15:26","modified_gmt":"2026-03-30T20:15:26","slug":"diablo-k2-spray","status":"publish","type":"product","link":"https:\/\/k2papierladen.com\/cs\/product\/diablo-k2-spray\/","title":{"rendered":"Diablo K2 Spray ( Diablo K2 Spr\u00fchsto\u00df )"},"content":{"rendered":"<h1 data-start=\"1478\" data-end=\"1566\"><strong data-start=\"1481\" data-end=\"1566\">Diablo K2 Spray \u2013 \u00dcbersicht und Anwendung synthetischer Cannabinoide in Sprayform<\/strong><\/h1>\n<h3 data-start=\"1573\" data-end=\"1587\">Einf\u00fchrung &#8211; Diablo K2 Spr\u00fchsto\u00df<\/h3>\n<p data-start=\"1589\" data-end=\"1927\"><strong data-start=\"1589\" data-end=\"1608\">Diablo K2 Spray<\/strong> ist ein Produkt, das synthetische Cannabinoide in konzentrierter Sprayform enth\u00e4lt. Es dient als Konsumhilfe, indem es aktive Wirkstoffe auf Tr\u00e4germaterialien wie Papier oder Kr\u00e4utermischungen verteilt. Der Spray ist vor allem bei erfahrenen Nutzern beliebt, die eine schnelle, pr\u00e4zise und diskrete Anwendung sch\u00e4tzen.<\/p>\n<h3 data-start=\"1934\" data-end=\"1973\">Was sind synthetische Cannabinoide?<\/h3>\n<p data-start=\"1975\" data-end=\"2228\">Synthetische Cannabinoide sind chemische Verbindungen, die die Wirkung des nat\u00fcrlichen THC (Tetrahydrocannabinol) nachahmen oder verst\u00e4rken. Sie binden an dieselben Rezeptoren im menschlichen Endocannabinoidsystem und erzeugen eine psychoaktive Wirkung.<\/p>\n<h3 data-start=\"2235\" data-end=\"2270\">Zusammensetzung und Herstellung<\/h3>\n<p data-start=\"2272\" data-end=\"2602\">Das <strong data-start=\"2276\" data-end=\"2295\">Diablo K2 Spray<\/strong> wird in Laboren hergestellt, wobei verschiedene synthetische Cannabinoide in einer fl\u00fcssigen Basis gel\u00f6st werden. Diese Basis erm\u00f6glicht die einfache Applikation per Spraydose. Die Qualit\u00e4t und Reinheit unterliegt st\u00e4ndigen Kontrollen, um eine gleichbleibende Wirkstoffmenge pro Spr\u00fchsto\u00df zu gew\u00e4hrleisten.<\/p>\n<h3 data-start=\"2609\" data-end=\"2628\">Anwendungsarten<\/h3>\n<h4 data-start=\"2630\" data-end=\"2674\">1. Papier (<a href=\"https:\/\/k2papierladen.com\/cs\/product\/spice-c-liquid-papier-spice\/\">Knastpapier<\/a>, Filterpapier)<\/h4>\n<p data-start=\"2675\" data-end=\"2873\">Der Spray wird auf ein Blatt DIN A4 Papier gespr\u00fcht, das anschlie\u00dfend trocknet. Dieses Papier kann dann zerkleinert und konsumiert werden. Das Ergebnis ist ein gleichm\u00e4\u00dfiges und kontrolliertes High.<\/p>\n<h4 data-start=\"2875\" data-end=\"2902\">2. Kr\u00e4utermischungen<\/h4>\n<p data-start=\"2903\" data-end=\"3065\">Das Spray wird auf getrocknete Kr\u00e4uter aufgetragen, um die psychoaktive Wirkung zu verst\u00e4rken. Nach dem Trocknen kann die Mischung geraucht oder verdampft werden.<\/p>\n<h3 data-start=\"3072\" data-end=\"3098\">Dosierungsempfehlungen<\/h3>\n<div class=\"_tableContainer_16hzy_1\">\n<div class=\"_tableWrapper_16hzy_14 group flex w-fit flex-col-reverse\" tabindex=\"-1\">\n<table class=\"w-fit min-w-(--thread-content-width)\" data-start=\"3100\" data-end=\"3392\">\n<thead data-start=\"3100\" data-end=\"3173\">\n<tr data-start=\"3100\" data-end=\"3173\">\n<th data-start=\"3100\" data-end=\"3115\" data-col-size=\"sm\">Methode<\/th>\n<th data-start=\"3115\" data-end=\"3136\" data-col-size=\"sm\">Dosierung<\/th>\n<th data-start=\"3136\" data-end=\"3155\" data-col-size=\"sm\">Wirkungseintritt<\/th>\n<th data-start=\"3155\" data-end=\"3173\" data-col-size=\"sm\">Wirkungsdauer<\/th>\n<\/tr>\n<\/thead>\n<tbody data-start=\"3247\" data-end=\"3392\">\n<tr data-start=\"3247\" data-end=\"3319\">\n<td data-start=\"3247\" data-end=\"3262\" data-col-size=\"sm\">Papier<\/td>\n<td data-col-size=\"sm\" data-start=\"3262\" data-end=\"3283\">1\u20133 Spr\u00fchst\u00f6\u00dfe<\/td>\n<td data-col-size=\"sm\" data-start=\"3283\" data-end=\"3302\">5\u201315 Minuten<\/td>\n<td data-col-size=\"sm\" data-start=\"3302\" data-end=\"3319\">3\u20136 Stunden<\/td>\n<\/tr>\n<tr data-start=\"3320\" data-end=\"3392\">\n<td data-start=\"3320\" data-end=\"3335\" data-col-size=\"sm\">Kr\u00e4uter<\/td>\n<td data-start=\"3335\" data-end=\"3356\" data-col-size=\"sm\">2\u20134 Spr\u00fchst\u00f6\u00dfe\/g<\/td>\n<td data-col-size=\"sm\" data-start=\"3356\" data-end=\"3375\">5\u201315 Minuten<\/td>\n<td data-col-size=\"sm\" data-start=\"3375\" data-end=\"3392\">3\u20135 Stunden<\/td>\n<\/tr>\n<\/tbody>\n<\/table>\n<div class=\"sticky end-(--thread-content-margin) h-0 self-end select-none\">\n<div class=\"absolute end-0 flex items-end\"><\/div>\n<\/div>\n<\/div>\n<\/div>\n<h3 data-start=\"3399\" data-end=\"3422\">Wirkung und Effekte<\/h3>\n<p data-start=\"3424\" data-end=\"3497\">Die Wirkungen sind individuell verschieden, umfassen aber typischerweise:<\/p>\n<ul data-start=\"3499\" data-end=\"3682\">\n<li data-start=\"3499\" data-end=\"3536\">\n<p data-start=\"3501\" data-end=\"3536\">Geistige Euphorie und Entspannung<\/p>\n<\/li>\n<li data-start=\"3537\" data-end=\"3581\">\n<p data-start=\"3539\" data-end=\"3581\">Ver\u00e4nderte Wahrnehmung von Raum und Zeit<\/p>\n<\/li>\n<li data-start=\"3582\" data-end=\"3645\">\n<p data-start=\"3584\" data-end=\"3645\">K\u00f6rperliche Entspannung oder gelegentlich Muskelsteifigkeit<\/p>\n<\/li>\n<li data-start=\"3646\" data-end=\"3682\">\n<p data-start=\"3648\" data-end=\"3682\">Steigerung der Sinneswahrnehmung<\/p>\n<\/li>\n<\/ul>\n<h3 data-start=\"3689\" data-end=\"3719\">Risiken und Nebenwirkungen<\/h3>\n<p data-start=\"3721\" data-end=\"3801\">Bei unsachgem\u00e4\u00dfer Nutzung oder \u00dcberdosierung k\u00f6nnen folgende Symptome auftreten:<\/p>\n<ul data-start=\"3803\" data-end=\"3906\">\n<li data-start=\"3803\" data-end=\"3829\">\n<p data-start=\"3805\" data-end=\"3829\">Schwindel und \u00dcbelkeit<\/p>\n<\/li>\n<li data-start=\"3830\" data-end=\"3843\">\n<p data-start=\"3832\" data-end=\"3843\">Herzrasen<\/p>\n<\/li>\n<li data-start=\"3844\" data-end=\"3879\">\n<p data-start=\"3846\" data-end=\"3879\">Angstzust\u00e4nde und Panikattacken<\/p>\n<\/li>\n<li data-start=\"3880\" data-end=\"3906\">\n<p data-start=\"3882\" data-end=\"3906\">Orientierungslosigkeit<\/p>\n<\/li>\n<\/ul>\n<p data-start=\"3908\" data-end=\"4028\">Es wird empfohlen, das Produkt nur in einer sicheren Umgebung zu verwenden und auf eine niedrige Anfangsdosis zu achten.<\/p>\n<h3 data-start=\"4035\" data-end=\"4058\">Sicherheitshinweise<\/h3>\n<ul data-start=\"4060\" data-end=\"4242\">\n<li data-start=\"4060\" data-end=\"4105\">\n<p data-start=\"4062\" data-end=\"4105\">Nicht f\u00fcr Kinder oder Schwangere geeignet<\/p>\n<\/li>\n<li data-start=\"4106\" data-end=\"4166\">\n<p data-start=\"4108\" data-end=\"4166\">Von Alkohol oder anderen Medikamenten getrennt verwenden<\/p>\n<\/li>\n<li data-start=\"4167\" data-end=\"4198\">\n<p data-start=\"4169\" data-end=\"4198\">Nach Gebrauch H\u00e4nde waschen<\/p>\n<\/li>\n<li data-start=\"4199\" data-end=\"4242\">\n<p data-start=\"4201\" data-end=\"4242\">Lagerung an einem k\u00fchlen, trockenen Ort<\/p>\n<\/li>\n<\/ul>\n<h3 data-start=\"4249\" data-end=\"4271\">Rechtliche Aspekte<\/h3>\n<p data-start=\"4273\" data-end=\"4522\">Die Legalit\u00e4t von Produkten wie <strong data-start=\"4305\" data-end=\"4324\"><a href=\"https:\/\/k2papierladen.com\/cs\/product\/diablo-k2-liquid-diablo-fluessigkeit\/\">Diablo K2<\/a> Spray<\/strong> variiert stark je nach Land und Region. In vielen Staaten gelten synthetische Cannabinoide als kontrollierte Substanzen. Vor dem Erwerb und Gebrauch sollte die aktuelle Rechtslage \u00fcberpr\u00fcft werden.<\/p>\n<h3 data-start=\"4529\" data-end=\"4564\">Vergleich mit anderen Produkten<\/h3>\n<div class=\"_tableContainer_16hzy_1\">\n<div class=\"_tableWrapper_16hzy_14 group flex w-fit flex-col-reverse\" tabindex=\"-1\">\n<table class=\"w-fit min-w-(--thread-content-width)\" data-start=\"4566\" data-end=\"5012\">\n<thead data-start=\"4566\" data-end=\"4655\">\n<tr data-start=\"4566\" data-end=\"4655\">\n<th data-start=\"4566\" data-end=\"4589\" data-col-size=\"sm\">Produkt<\/th>\n<th data-start=\"4589\" data-end=\"4605\" data-col-size=\"sm\">Form<\/th>\n<th data-start=\"4605\" data-end=\"4620\" data-col-size=\"sm\">Potenz<\/th>\n<th data-start=\"4620\" data-end=\"4637\" data-col-size=\"sm\">Anwendung<\/th>\n<th data-start=\"4637\" data-end=\"4655\" data-col-size=\"sm\">Wirkungsdauer<\/th>\n<\/tr>\n<\/thead>\n<tbody data-start=\"4745\" data-end=\"5012\">\n<tr data-start=\"4745\" data-end=\"4833\">\n<td data-start=\"4745\" data-end=\"4768\" data-col-size=\"sm\">Diablo K2 Spray<\/td>\n<td data-col-size=\"sm\" data-start=\"4768\" data-end=\"4784\">Spray<\/td>\n<td data-col-size=\"sm\" data-start=\"4784\" data-end=\"4799\">Hoch<\/td>\n<td data-col-size=\"sm\" data-start=\"4799\" data-end=\"4815\">Papier\/Kr\u00e4uter<\/td>\n<td data-col-size=\"sm\" data-start=\"4815\" data-end=\"4833\">3\u20136 Stunden<\/td>\n<\/tr>\n<tr data-start=\"4834\" data-end=\"4922\">\n<td data-start=\"4834\" data-end=\"4857\" data-col-size=\"sm\">Bizarro K2 Liquid<\/td>\n<td data-col-size=\"sm\" data-start=\"4857\" data-end=\"4873\">Fl\u00fcssig<\/td>\n<td data-col-size=\"sm\" data-start=\"4873\" data-end=\"4888\">Sehr hoch<\/td>\n<td data-col-size=\"sm\" data-start=\"4888\" data-end=\"4904\">Papier\/Kr\u00e4uter<\/td>\n<td data-col-size=\"sm\" data-start=\"4904\" data-end=\"4922\">4\u20136 Stunden<\/td>\n<\/tr>\n<tr data-start=\"4923\" data-end=\"5012\">\n<td data-start=\"4923\" data-end=\"4946\" data-col-size=\"sm\">Standard K2 Kr\u00e4uter<\/td>\n<td data-col-size=\"sm\" data-start=\"4946\" data-end=\"4963\">Kr\u00e4utermischung<\/td>\n<td data-col-size=\"sm\" data-start=\"4963\" data-end=\"4978\">Mittel<\/td>\n<td data-col-size=\"sm\" data-start=\"4978\" data-end=\"4994\">Direkt rauchen<\/td>\n<td data-col-size=\"sm\" data-start=\"4994\" data-end=\"5012\">2\u20134 Stunden<\/td>\n<\/tr>\n<\/tbody>\n<\/table>\n<div class=\"sticky end-(--thread-content-margin) h-0 self-end select-none\">\n<div class=\"absolute end-0 flex items-end\"><\/div>\n<\/div>\n<\/div>\n<\/div>\n<h3 data-start=\"5019\" data-end=\"5052\">FAQ \u2013 H\u00e4ufig gestellte Fragen ( Diablo K2 kaufen)<\/h3>\n<p data-start=\"5054\" data-end=\"5165\"><strong data-start=\"5054\" data-end=\"5083\">Wie lange h\u00e4lt ein Spray?<\/strong><br data-start=\"5083\" data-end=\"5086\" \/>Eine Standardflasche enth\u00e4lt ca. 50\u2013100 Spr\u00fchst\u00f6\u00dfe, abh\u00e4ngig von der Dosierung.<\/p>\n<p data-start=\"5167\" data-end=\"5280\"><strong data-start=\"5167\" data-end=\"5208\">Kann ich den Spray direkt inhalieren?<\/strong><br data-start=\"5208\" data-end=\"5211\" \/>Nein, der Spray ist zur \u00e4u\u00dferen Anwendung auf Tr\u00e4germaterial gedacht.<\/p>\n<p data-start=\"5282\" data-end=\"5380\"><strong data-start=\"5282\" data-end=\"5308\">Ist das Produkt legal?<\/strong><br data-start=\"5308\" data-end=\"5311\" \/>Das variiert je nach Region. Bitte informieren Sie sich vor dem Kauf.<\/p>\n<p data-start=\"5382\" data-end=\"5474\"><strong data-start=\"5382\" data-end=\"5420\">Wie sollte ich das Produkt lagern?<\/strong><br data-start=\"5420\" data-end=\"5423\" \/>K\u00fchl, trocken, dunkel und kindersicher aufbewahren.<\/p>\n<h3 data-start=\"5481\" data-end=\"5490\">Fazit<\/h3>\n<p data-start=\"5492\" data-end=\"5764\">Das <strong data-start=\"5496\" data-end=\"5515\">Diablo K2 Spray<\/strong> ist eine flexible und wirkungsstarke Variante synthetischer Cannabinoide. Die praktische Sprayform erleichtert die Dosierung und sorgt f\u00fcr eine gleichm\u00e4\u00dfige Verteilung. Ideal f\u00fcr erfahrene Nutzer, die eine diskrete und intensive Wirkung bevorzugen.\u00a0<em>diablo k2 spice kaufen<\/em><\/p>\n<ul>\n<li><a href=\"https:\/\/euthanasia-group.net\/de\/product\/nembutal-oral-flussigkeit\/\" target=\"_blank\" rel=\"noopener\">Nembutal Kaufen<\/a><\/li>\n<li><a href=\"https:\/\/euthanasia-group.net\/fr\/acheter-du-nembutal\/\" target=\"_blank\" rel=\"noopener\">Barbituriques<\/a><\/li>\n<\/ul>","protected":false},"excerpt":{"rendered":"<h2 data-start=\"165\" data-end=\"228\"><strong data-start=\"168\" data-end=\"228\">Diablo K2 Spray\u00a0<\/strong><\/h2>\n<h3 data-start=\"230\" data-end=\"261\">\ud83d\udd39 Was ist Diablo K2 Spray?<\/h3>\n<p data-start=\"263\" data-end=\"560\"><strong data-start=\"263\" data-end=\"282\">Diablo K2 Spray<\/strong> ist ein synthetisches Cannabinoid, das als Fl\u00fcssigspray angeboten wird. Es dient dazu, Tr\u00e4germaterialien wie Papier oder Kr\u00e4utermischungen zu benetzen, um eine psychoaktive Wirkung zu erzeugen. Der Spray erm\u00f6glicht eine einfache und pr\u00e4zise Dosierung der aktiven Inhaltsstoffe.<\/p>\n<h3 data-start=\"567\" data-end=\"598\">\ud83d\udd39 Vorteile auf einen Blick<\/h3>\n<ul>\n<li data-start=\"602\" data-end=\"644\">Pr\u00e4zise Dosierung durch Spr\u00fchmechanismus<\/li>\n<li data-start=\"647\" data-end=\"696\">Schneller Wirkungseintritt (meist 5\u201315 Minuten)<\/li>\n<li data-start=\"699\" data-end=\"740\">Vielseitige Anwendung (Papier, Kr\u00e4uter)<\/li>\n<li data-start=\"743\" data-end=\"774\">Diskreter, kompakter Beh\u00e4lter<\/li>\n<\/ul>\n<h3 data-start=\"781\" data-end=\"797\">\ud83d\udd39 Anwendung<\/h3>\n<ul>\n<li data-start=\"801\" data-end=\"865\">Auf Papier oder Kr\u00e4uter spr\u00fchen (1\u20133 Spr\u00fchst\u00f6\u00dfe pro Anwendung)<\/li>\n<li data-start=\"868\" data-end=\"905\">Trocknen lassen (ca. 30\u201360 Minuten)<\/li>\n<li data-start=\"908\" data-end=\"939\">Danach wie \u00fcblich konsumieren<\/li>\n<\/ul>\n<h3 data-start=\"946\" data-end=\"960\">\ud83d\udd39 Wirkung<\/h3>\n<ul>\n<li data-start=\"964\" data-end=\"998\">Mentale Euphorie und Entspannung<\/li>\n<li data-start=\"1001\" data-end=\"1025\">Ver\u00e4nderte Wahrnehmung<\/li>\n<li data-start=\"1028\" data-end=\"1048\">Dauer: 3\u20136 Stunden<\/li>\n<\/ul>\n<h3 data-start=\"1055\" data-end=\"1081\">\ud83d\udd39 Sicherheitshinweise<\/h3>\n<ul>\n<li data-start=\"1085\" data-end=\"1125\">Nicht f\u00fcr unerfahrene Nutzer empfohlen<\/li>\n<li data-start=\"1128\" data-end=\"1177\">Nicht mit Alkohol oder Medikamenten kombinieren<\/li>\n<li data-start=\"1180\" data-end=\"1205\">K\u00fchl und trocken lagern<\/li>\n<\/ul>\n<h3 data-start=\"1212\" data-end=\"1224\">\ud83d\udd39 Fazit<\/h3>\n<p data-start=\"1226\" data-end=\"1437\"><strong data-start=\"1226\" data-end=\"1245\">Diablo K2 Spray<\/strong> ist eine praktische Form synthetischer Cannabinoide mit hoher Potenz und einfacher Anwendung. Es eignet sich f\u00fcr erfahrene Konsumenten, die eine diskrete und wirkungsvolle Alternative suchen.<\/p>","protected":false},"featured_media":15777,"comment_status":"open","ping_status":"closed","template":"","meta":{"ocean_post_layout":"","ocean_both_sidebars_style":"","ocean_both_sidebars_content_width":0,"ocean_both_sidebars_sidebars_width":0,"ocean_sidebar":"0","ocean_second_sidebar":"0","ocean_disable_margins":"enable","ocean_add_body_class":"","ocean_shortcode_before_top_bar":"","ocean_shortcode_after_top_bar":"","ocean_shortcode_before_header":"","ocean_shortcode_after_header":"","ocean_has_shortcode":"","ocean_shortcode_after_title":"","ocean_shortcode_before_footer_widgets":"","ocean_shortcode_after_footer_widgets":"","ocean_shortcode_before_footer_bottom":"","ocean_shortcode_after_footer_bottom":"","ocean_display_top_bar":"default","ocean_display_header":"default","ocean_header_style":"","ocean_center_header_left_menu":"0","ocean_custom_header_template":"0","ocean_custom_logo":0,"ocean_custom_retina_logo":0,"ocean_custom_logo_max_width":0,"ocean_custom_logo_tablet_max_width":0,"ocean_custom_logo_mobile_max_width":0,"ocean_custom_logo_max_height":0,"ocean_custom_logo_tablet_max_height":0,"ocean_custom_logo_mobile_max_height":0,"ocean_header_custom_menu":"0","ocean_menu_typo_font_family":"0","ocean_menu_typo_font_subset":"","ocean_menu_typo_font_size":0,"ocean_menu_typo_font_size_tablet":0,"ocean_menu_typo_font_size_mobile":0,"ocean_menu_typo_font_size_unit":"px","ocean_menu_typo_font_weight":"","ocean_menu_typo_font_weight_tablet":"","ocean_menu_typo_font_weight_mobile":"","ocean_menu_typo_transform":"","ocean_menu_typo_transform_tablet":"","ocean_menu_typo_transform_mobile":"","ocean_menu_typo_line_height":0,"ocean_menu_typo_line_height_tablet":0,"ocean_menu_typo_line_height_mobile":0,"ocean_menu_typo_line_height_unit":"","ocean_menu_typo_spacing":0,"ocean_menu_typo_spacing_tablet":0,"ocean_menu_typo_spacing_mobile":0,"ocean_menu_typo_spacing_unit":"","ocean_menu_link_color":"","ocean_menu_link_color_hover":"","ocean_menu_link_color_active":"","ocean_menu_link_background":"","ocean_menu_link_hover_background":"","ocean_menu_link_active_background":"","ocean_menu_social_links_bg":"","ocean_menu_social_hover_links_bg":"","ocean_menu_social_links_color":"","ocean_menu_social_hover_links_color":"","ocean_disable_title":"default","ocean_disable_heading":"default","ocean_post_title":"","ocean_post_subheading":"","ocean_post_title_style":"","ocean_post_title_background_color":"","ocean_post_title_background":0,"ocean_post_title_bg_image_position":"","ocean_post_title_bg_image_attachment":"","ocean_post_title_bg_image_repeat":"","ocean_post_title_bg_image_size":"","ocean_post_title_height":0,"ocean_post_title_bg_overlay":0.5,"ocean_post_title_bg_overlay_color":"","ocean_disable_breadcrumbs":"default","ocean_breadcrumbs_color":"","ocean_breadcrumbs_separator_color":"","ocean_breadcrumbs_links_color":"","ocean_breadcrumbs_links_hover_color":"","ocean_display_footer_widgets":"default","ocean_display_footer_bottom":"default","ocean_custom_footer_template":"0","omw_enable_modal_window":"enable"},"product_brand":[],"product_cat":[90],"product_tag":[114,119,116,122,121,120,123,124,137,131,132,127,117,118,125,135,134,113],"class_list":{"0":"post-15770","1":"product","2":"type-product","3":"status-publish","4":"has-post-thumbnail","6":"product_cat-k2-spray-spruehstoss-lachgas","7":"product_tag-bizarro-k2-fluessigkeit","8":"product_tag-bizarro-liquid-kaufen","9":"product_tag-c-k2-liquid","10":"product_tag-diablo-k2-flussigkeit","11":"product_tag-diablo-k2-kaufen","12":"product_tag-diablo-k2-liquid","13":"product_tag-diablo-k2-spice","14":"product_tag-diablo-k2-spice-kaufen","15":"product_tag-diablo-k2-spice-spray","16":"product_tag-diablo-k2-spray","17":"product_tag-diablo-k2-spray-kaufen","18":"product_tag-k2-diablo-spice-papier","19":"product_tag-k2-liquid","20":"product_tag-k2-liquid-kaufen","21":"product_tag-k2-spice-diablo","22":"product_tag-k2-spice-spray","23":"product_tag-k2-spray-kaufen","24":"product_tag-k2fluessigkeit","26":"entry","27":"has-media","29":"first","30":"instock","31":"featured","32":"shipping-taxable","33":"purchasable","34":"product-type-variable","35":"has-rating","36":"has-product-nav","37":"col","38":"span_1_of_3","39":"owp-content-center","40":"owp-thumbs-layout-horizontal","41":"owp-btn-normal","42":"owp-tabs-layout-horizontal"},"jetpack_sharing_enabled":true,"_links":{"self":[{"href":"https:\/\/k2papierladen.com\/cs\/wp-json\/wp\/v2\/product\/15770","targetHints":{"allow":["GET"]}}],"collection":[{"href":"https:\/\/k2papierladen.com\/cs\/wp-json\/wp\/v2\/product"}],"about":[{"href":"https:\/\/k2papierladen.com\/cs\/wp-json\/wp\/v2\/types\/product"}],"replies":[{"embeddable":true,"href":"https:\/\/k2papierladen.com\/cs\/wp-json\/wp\/v2\/comments?post=15770"}],"version-history":[{"count":3,"href":"https:\/\/k2papierladen.com\/cs\/wp-json\/wp\/v2\/product\/15770\/revisions"}],"predecessor-version":[{"id":15886,"href":"https:\/\/k2papierladen.com\/cs\/wp-json\/wp\/v2\/product\/15770\/revisions\/15886"}],"wp:featuredmedia":[{"embeddable":true,"href":"https:\/\/k2papierladen.com\/cs\/wp-json\/wp\/v2\/media\/15777"}],"wp:attachment":[{"href":"https:\/\/k2papierladen.com\/cs\/wp-json\/wp\/v2\/media?parent=15770"}],"wp:term":[{"taxonomy":"product_brand","embeddable":true,"href":"https:\/\/k2papierladen.com\/cs\/wp-json\/wp\/v2\/product_brand?post=15770"},{"taxonomy":"product_cat","embeddable":true,"href":"https:\/\/k2papierladen.com\/cs\/wp-json\/wp\/v2\/product_cat?post=15770"},{"taxonomy":"product_tag","embeddable":true,"href":"https:\/\/k2papierladen.com\/cs\/wp-json\/wp\/v2\/product_tag?post=15770"}],"curies":[{"name":"wp","href":"https:\/\/api.w.org\/{rel}","templated":true}]}}